{"id":4782,"date":"2017-02-16T22:47:43","date_gmt":"2017-02-16T21:47:43","guid":{"rendered":"http:\/\/ultimate-grenoble.com\/?page_id=4782"},"modified":"2025-10-23T15:18:20","modified_gmt":"2025-10-23T13:18:20","slug":"mentions-legales","status":"publish","type":"page","link":"https:\/\/www.ultimate-grenoble.com\/en\/mentions-legales\/","title":{"rendered":"Legals"},"content":{"rendered":"<p><strong>Directeur de la publication :<br><\/strong>Louis Dev\u00e8ze, Pr\u00e9sident de l&rsquo;association des Monkey.<\/p>\n\n\n\n<p><strong>Raison Sociale de l\u2019H\u00e9bergeur :<br><\/strong>Ce site&nbsp;est h\u00e9berg\u00e9 par OVH \u2013&nbsp; 2 rue Kellermann \u2013 59100 ROUBAIX \u2013 France<br>Pour contacter cet h\u00e9bergeur, rendez-vous \u00e0 l\u2019adresse http:\/\/www.ovh.com\/fr\/support\/<\/p>\n\n\n\n<p><strong>Propri\u00e9t\u00e9 intellectuelle :<br><\/strong>La structure g\u00e9n\u00e9rale ainsi que les logiciels, textes, images anim\u00e9es ou non, son savoir-faire et tous les autres \u00e9l\u00e9ments composant le site sont la propri\u00e9t\u00e9 exclusive&nbsp;du site Internet&nbsp;Monkey Grenoble Ultimate &amp; Disc Golf www.ultimate-grenoble.com.<br>Les logos et marques des soci\u00e9t\u00e9s cit\u00e9es sur le&nbsp;site Internet&nbsp;Monkey Grenoble Ultimate &amp; Disc Golf www.ultimate-grenoble.com sont la propri\u00e9t\u00e9 exclusive de leurs auteurs respectifs.<br>Toute repr\u00e9sentation, reproduction, et\/ou exploitation, qu\u2019elle(s) soi(en)t partielle(s) ou totale(s), des marques pr\u00e9cit\u00e9es est (sont) interdite(s), sauf accord \u00e9crit et pr\u00e9alable de leurs titulaires.<\/p>\n\n\n\n<p><strong>Droits d\u2019auteur :<br><\/strong>Toute repr\u00e9sentation totale ou partielle de ce blog par quelle que personne que ce soit, sans l\u2019autorisation expresse du site Internet&nbsp;Monkey Grenoble Ultimate &amp; Disc Golf est interdite et constituerait une contrefa\u00e7on sanctionn\u00e9e par les articles L. 335-2 et suivants du Code de la propri\u00e9t\u00e9 intellectuelle.<br>L\u2019\u00e9laboration de liens hypertextes profonds vers le site Internet&nbsp;Monkey Grenoble Ultimate &amp; Disc Golf est interdite sans l\u2019accord expr\u00e8s et pr\u00e9alable de l\u2019\u00e9diteur du site site Internet&nbsp;Monkey Grenoble Ultimate &amp; Disc Golf.<br>Par ailleurs, l\u2019utilisation des informations contenues sur le pr\u00e9sent blog rel\u00e8ve de la seule responsabilit\u00e9 de l\u2019utilisateur. Nous ne pourrions en aucun cas, et pour quelque cause que ce soit, en \u00eatre tenus pour responsables, et ce, quelque en soit les cons\u00e9quences. Nous ne sommes responsables d\u2019aucune erreur ou omission sur le pr\u00e9sent site.<\/p>\n\n\n\n<p><strong>Avertissement g\u00e9n\u00e9ral :<br><\/strong>La consultation du site Internet&nbsp;Monkey Grenoble Ultimate &amp; Disc Golf www.ultimate-grenoble.com est propos\u00e9e aux internautes \u00e0 titre gratuit et sans aucune garantie de la part de son \u00e9diteur.<br>Les informations disponibles sur le site Internet&nbsp;Monkey Grenoble Ultimate &amp; Disc Golf www.ultimate-grenoble.com&nbsp;qui proviennent de sources ext\u00e9rieures ne saurait garantir qu\u2019elles sont exemptes d\u2019erreurs, ni garantir leur compl\u00e9tude, leur actualit\u00e9, leur exhaustivit\u00e9 ou autre.<br>En cons\u00e9quence, il appartient \u00e0 l\u2019internaute d\u2019utiliser les informations figurant sur le site Internet \u00e0 ses risques et de proc\u00e9der \u00e0 toute v\u00e9rification sous sa responsabilit\u00e9 exclusive.<br>site Internet&nbsp;Monkey Grenoble Ultimate &amp; Disc Golf www.ultimate-grenoble.com ne serait \u00eatre tenu responsable de l\u2019interpr\u00e9tation faite par les internautes, quelle qu\u2019elle soit, de tous les renseignements, informations et conseils propos\u00e9s sur son blog, et des cons\u00e9quences pouvant en d\u00e9couler.<\/p>\n\n\n\n<p><strong>Utilisation de Cookies :<br><\/strong>Monkey Grenoble Ultimate &amp; Disc Golf www.ultimate-grenoble.com vous informe qu\u2019un ou plusieurs cookies (petits fichiers textes) peuvent s\u2019installer automatiquement sur le disque dur de votre ordinateur lors de votre visite sur le site Internet&nbsp;Monkey Grenoble Ultimate &amp; Disc Golf www.ultimate-grenoble.com. Ces cookies peuvent provenir des partenaires de Monkey Grenoble Ultimate &amp; Disc Golf www.ultimate-grenoble.com, mais aussi des syst\u00e8me de statistiques de Monkey Grenoble Ultimate &amp; Disc Golf www.ultimate-grenoble.com ou de tous autres services propos\u00e9s sur le site Monkey Grenoble Ultimate &amp; Disc Golf www.ultimate-grenoble.com.<br>Vous avez la possibilit\u00e9 de supprimer les cookies install\u00e9s lors de votre visite sur le &nbsp;site Monkey Grenoble Ultimate &amp; Disc Golf www.ultimate-grenoble.com, \u00e0 l\u2019aide de la barre d\u2019outils de votre navigateur. La suppression des cookies devra intervenir une fois votre navigation sur le site Monkey Grenoble Ultimate &amp; Disc Golf www.ultimate-grenoble.com termin\u00e9e. A d\u00e9faut, vous \u00eates inform\u00e9 du fait que l\u2019usage du site Internet Monkey Grenoble Ultimate &amp; Disc Golf www.ultimate-grenoble.com, ainsi que les services qui y sont propos\u00e9s, pourront \u00eatre perturb\u00e9s, voire emp\u00each\u00e9s.<\/p>\n\n\n\n<p><strong>Cr\u00e9dits et copyright photos<br><\/strong>Les cr\u00e9dits et copyright des visuels et des photos pr\u00e9sents sur le site Internet Monkey Grenoble Ultimate &amp; Disc Golf www.ultimate-grenoble.com sont signal\u00e9s dans les articles lorsqu\u2019elles proviennent d\u2019un professionnel avec son accord, \u00e0 d\u00e9faut sont la propri\u00e9t\u00e9s du site Internet Monkey Grenoble Ultimate &amp; Disc Golf www.ultimate-grenoble.com ou proviennent de partenaires avec leur validation.<\/p>\n\n\n\n<p>Fi\u00e8rement propuls\u00e9 par WordPress.<\/p>","protected":false},"excerpt":{"rendered":"<p>Directeur de la publication :Louis Dev\u00e8ze, Pr\u00e9sident de l&rsquo;association des Monkey. Raison Sociale de l\u2019H\u00e9bergeur :Ce site&nbsp;est h\u00e9berg\u00e9 par OVH \u2013&nbsp; 2 rue Kellermann \u2013 59100 ROUBAIX \u2013 FrancePour contacter cet h\u00e9bergeur, rendez-vous \u00e0 l\u2019adresse http:\/\/www.ovh.com\/fr\/support\/ Propri\u00e9t\u00e9 intellectuelle :La structure g\u00e9n\u00e9rale ainsi que les logiciels, textes, images anim\u00e9es ou non, son savoir-faire et tous les [&hellip;]<\/p>\n","protected":false},"author":1,"featured_media":0,"parent":0,"menu_order":17,"comment_status":"closed","ping_status":"closed","template":"","meta":{"_uag_custom_page_level_css":"","site-sidebar-layout":"default","site-content-layout":"","ast-site-content-layout":"default","site-content-style":"default","site-sidebar-style":"default","ast-global-header-display":"","ast-banner-title-visibility":"","ast-main-header-display":"","ast-hfb-above-header-display":"","ast-hfb-below-header-display":"","ast-hfb-mobile-header-display":"","site-post-title":"","ast-breadcrumbs-content":"","ast-featured-img":"","footer-sml-layout":"","ast-disable-related-posts":"","theme-transparent-header-meta":"","adv-header-id-meta":"","stick-header-meta":"","header-above-stick-meta":"","header-main-stick-meta":"","header-below-stick-meta":"","astra-migrate-meta-layouts":"set","ast-page-background-enabled":"default","ast-page-background-meta":{"desktop":{"background-color":"","background-image":"","background-repeat":"repeat","background-position":"center center","background-size":"auto","background-attachment":"scroll","background-type":"","background-media":"","overlay-type":"","overlay-color":"","overlay-opacity":"","overlay-gradient":""},"tablet":{"background-color":"","background-image":"","background-repeat":"repeat","background-position":"center center","background-size":"auto","background-attachment":"scroll","background-type":"","background-media":"","overlay-type":"","overlay-color":"","overlay-opacity":"","overlay-gradient":""},"mobile":{"background-color":"","background-image":"","background-repeat":"repeat","background-position":"center center","background-size":"auto","background-attachment":"scroll","background-type":"","background-media":"","overlay-type":"","overlay-color":"","overlay-opacity":"","overlay-gradient":""}},"ast-content-background-meta":{"desktop":{"background-color":"var(--ast-global-color-5)","background-image":"","background-repeat":"repeat","background-position":"center center","background-size":"auto","background-attachment":"scroll","background-type":"","background-media":"","overlay-type":"","overlay-color":"","overlay-opacity":"","overlay-gradient":""},"tablet":{"background-color":"var(--ast-global-color-5)","background-image":"","background-repeat":"repeat","background-position":"center center","background-size":"auto","background-attachment":"scroll","background-type":"","background-media":"","overlay-type":"","overlay-color":"","overlay-opacity":"","overlay-gradient":""},"mobile":{"background-color":"var(--ast-global-color-5)","background-image":"","background-repeat":"repeat","background-position":"center center","background-size":"auto","background-attachment":"scroll","background-type":"","background-media":"","overlay-type":"","overlay-color":"","overlay-opacity":"","overlay-gradient":""}},"footnotes":""},"class_list":["post-4782","page","type-page","status-publish","hentry"],"yoast_head":"<!-- This site is optimized with the Yoast SEO plugin v27.1.1 - https:\/\/yoast.com\/product\/yoast-seo-wordpress\/ -->\n<title>Mentions l\u00e9gales - Monkey Grenoble<\/title>\n<meta name=\"description\" content=\"Directeur de la publication :Louis Dev\u00e8ze, Pr\u00e9sident de l&#039;association des Monkey. Raison Sociale de l\u2019H\u00e9bergeur :Ce site&nbsp;est h\u00e9berg\u00e9 par OVH \u2013&nbsp;\" \/>\n<meta name=\"robots\" content=\"index, follow, max-snippet:-1, max-image-preview:large, max-video-preview:-1\" \/>\n<link rel=\"canonical\" href=\"https:\/\/www.ultimate-grenoble.com\/en\/mentions-legales\/\" \/>\n<meta property=\"og:locale\" content=\"en_US\" \/>\n<meta property=\"og:type\" content=\"article\" \/>\n<meta property=\"og:title\" content=\"Mentions l\u00e9gales - Monkey Grenoble\" \/>\n<meta property=\"og:description\" content=\"Directeur de la publication :Louis Dev\u00e8ze, Pr\u00e9sident de l&#039;association des Monkey. Raison Sociale de l\u2019H\u00e9bergeur :Ce site&nbsp;est h\u00e9berg\u00e9 par OVH \u2013&nbsp;\" \/>\n<meta property=\"og:url\" content=\"https:\/\/www.ultimate-grenoble.com\/en\/mentions-legales\/\" \/>\n<meta property=\"og:site_name\" content=\"Monkey Grenoble\" \/>\n<meta property=\"article:publisher\" content=\"https:\/\/www.facebook.com\/monkeygrenobleultimate\" \/>\n<meta property=\"article:modified_time\" content=\"2025-10-23T13:18:20+00:00\" \/>\n<meta name=\"twitter:label1\" content=\"Est. reading time\" \/>\n\t<meta name=\"twitter:data1\" content=\"4 minutes\" \/>\n<script type=\"application\/ld+json\" class=\"yoast-schema-graph\">{\"@context\":\"https:\/\/schema.org\",\"@graph\":[{\"@type\":\"WebPage\",\"@id\":\"https:\/\/www.ultimate-grenoble.com\/mentions-legales\/\",\"url\":\"https:\/\/www.ultimate-grenoble.com\/mentions-legales\/\",\"name\":\"Mentions l\u00e9gales - Monkey Grenoble\",\"isPartOf\":{\"@id\":\"https:\/\/www.ultimate-grenoble.com\/#website\"},\"datePublished\":\"2017-02-16T21:47:43+00:00\",\"dateModified\":\"2025-10-23T13:18:20+00:00\",\"description\":\"Directeur de la publication :Louis Dev\u00e8ze, Pr\u00e9sident de l'association des Monkey. Raison Sociale de l\u2019H\u00e9bergeur :Ce site&nbsp;est h\u00e9berg\u00e9 par OVH \u2013&nbsp;\",\"breadcrumb\":{\"@id\":\"https:\/\/www.ultimate-grenoble.com\/mentions-legales\/#breadcrumb\"},\"inLanguage\":\"en-US\",\"potentialAction\":[{\"@type\":\"ReadAction\",\"target\":[\"https:\/\/www.ultimate-grenoble.com\/mentions-legales\/\"]}]},{\"@type\":\"BreadcrumbList\",\"@id\":\"https:\/\/www.ultimate-grenoble.com\/mentions-legales\/#breadcrumb\",\"itemListElement\":[{\"@type\":\"ListItem\",\"position\":1,\"name\":\"Accueil\",\"item\":\"https:\/\/www.ultimate-grenoble.com\/\"},{\"@type\":\"ListItem\",\"position\":2,\"name\":\"Mentions l\u00e9gales\"}]},{\"@type\":\"WebSite\",\"@id\":\"https:\/\/www.ultimate-grenoble.com\/#website\",\"url\":\"https:\/\/www.ultimate-grenoble.com\/\",\"name\":\"MONKEY Grenoble\",\"description\":\"Ultimate &amp; Disc Golf\",\"publisher\":{\"@id\":\"https:\/\/www.ultimate-grenoble.com\/#organization\"},\"potentialAction\":[{\"@type\":\"SearchAction\",\"target\":{\"@type\":\"EntryPoint\",\"urlTemplate\":\"https:\/\/www.ultimate-grenoble.com\/?s={search_term_string}\"},\"query-input\":{\"@type\":\"PropertyValueSpecification\",\"valueRequired\":true,\"valueName\":\"search_term_string\"}}],\"inLanguage\":\"en-US\"},{\"@type\":\"Organization\",\"@id\":\"https:\/\/www.ultimate-grenoble.com\/#organization\",\"name\":\"Les Monkey - Ultimate Grenoble\",\"url\":\"https:\/\/www.ultimate-grenoble.com\/\",\"logo\":{\"@type\":\"ImageObject\",\"inLanguage\":\"en-US\",\"@id\":\"https:\/\/www.ultimate-grenoble.com\/#\/schema\/logo\/image\/\",\"url\":\"https:\/\/www.ultimate-grenoble.com\/wp-content\/uploads\/2018\/05\/favicon_logorond.jpg\",\"contentUrl\":\"https:\/\/www.ultimate-grenoble.com\/wp-content\/uploads\/2018\/05\/favicon_logorond.jpg\",\"width\":2646,\"height\":2646,\"caption\":\"Les Monkey - Ultimate Grenoble\"},\"image\":{\"@id\":\"https:\/\/www.ultimate-grenoble.com\/#\/schema\/logo\/image\/\"},\"sameAs\":[\"https:\/\/www.facebook.com\/monkeygrenobleultimate\",\"https:\/\/x.com\/MonkeyGrenoble\",\"https:\/\/www.instagram.com\/monkey_grenoble\/\"]}]}<\/script>\n<!-- \/ Yoast SEO plugin. -->","yoast_head_json":{"title":"Mentions l\u00e9gales - Monkey Grenoble","description":"Directeur de la publication :Louis Dev\u00e8ze, Pr\u00e9sident de l'association des Monkey. Raison Sociale de l\u2019H\u00e9bergeur :Ce site&nbsp;est h\u00e9berg\u00e9 par OVH \u2013&nbsp;","robots":{"index":"index","follow":"follow","max-snippet":"max-snippet:-1","max-image-preview":"max-image-preview:large","max-video-preview":"max-video-preview:-1"},"canonical":"https:\/\/www.ultimate-grenoble.com\/en\/mentions-legales\/","og_locale":"en_US","og_type":"article","og_title":"Mentions l\u00e9gales - Monkey Grenoble","og_description":"Directeur de la publication :Louis Dev\u00e8ze, Pr\u00e9sident de l'association des Monkey. Raison Sociale de l\u2019H\u00e9bergeur :Ce site&nbsp;est h\u00e9berg\u00e9 par OVH \u2013&nbsp;","og_url":"https:\/\/www.ultimate-grenoble.com\/en\/mentions-legales\/","og_site_name":"Monkey Grenoble","article_publisher":"https:\/\/www.facebook.com\/monkeygrenobleultimate","article_modified_time":"2025-10-23T13:18:20+00:00","twitter_misc":{"Est. reading time":"4 minutes"},"schema":{"@context":"https:\/\/schema.org","@graph":[{"@type":"WebPage","@id":"https:\/\/www.ultimate-grenoble.com\/mentions-legales\/","url":"https:\/\/www.ultimate-grenoble.com\/mentions-legales\/","name":"Mentions l\u00e9gales - Monkey Grenoble","isPartOf":{"@id":"https:\/\/www.ultimate-grenoble.com\/#website"},"datePublished":"2017-02-16T21:47:43+00:00","dateModified":"2025-10-23T13:18:20+00:00","description":"Directeur de la publication :Louis Dev\u00e8ze, Pr\u00e9sident de l'association des Monkey. Raison Sociale de l\u2019H\u00e9bergeur :Ce site&nbsp;est h\u00e9berg\u00e9 par OVH \u2013&nbsp;","breadcrumb":{"@id":"https:\/\/www.ultimate-grenoble.com\/mentions-legales\/#breadcrumb"},"inLanguage":"en-US","potentialAction":[{"@type":"ReadAction","target":["https:\/\/www.ultimate-grenoble.com\/mentions-legales\/"]}]},{"@type":"BreadcrumbList","@id":"https:\/\/www.ultimate-grenoble.com\/mentions-legales\/#breadcrumb","itemListElement":[{"@type":"ListItem","position":1,"name":"Accueil","item":"https:\/\/www.ultimate-grenoble.com\/"},{"@type":"ListItem","position":2,"name":"Mentions l\u00e9gales"}]},{"@type":"WebSite","@id":"https:\/\/www.ultimate-grenoble.com\/#website","url":"https:\/\/www.ultimate-grenoble.com\/","name":"MONKEY Grenoble","description":"Ultimate &amp; Disc Golf","publisher":{"@id":"https:\/\/www.ultimate-grenoble.com\/#organization"},"potentialAction":[{"@type":"SearchAction","target":{"@type":"EntryPoint","urlTemplate":"https:\/\/www.ultimate-grenoble.com\/?s={search_term_string}"},"query-input":{"@type":"PropertyValueSpecification","valueRequired":true,"valueName":"search_term_string"}}],"inLanguage":"en-US"},{"@type":"Organization","@id":"https:\/\/www.ultimate-grenoble.com\/#organization","name":"Les Monkey - Ultimate Grenoble","url":"https:\/\/www.ultimate-grenoble.com\/","logo":{"@type":"ImageObject","inLanguage":"en-US","@id":"https:\/\/www.ultimate-grenoble.com\/#\/schema\/logo\/image\/","url":"https:\/\/www.ultimate-grenoble.com\/wp-content\/uploads\/2018\/05\/favicon_logorond.jpg","contentUrl":"https:\/\/www.ultimate-grenoble.com\/wp-content\/uploads\/2018\/05\/favicon_logorond.jpg","width":2646,"height":2646,"caption":"Les Monkey - Ultimate Grenoble"},"image":{"@id":"https:\/\/www.ultimate-grenoble.com\/#\/schema\/logo\/image\/"},"sameAs":["https:\/\/www.facebook.com\/monkeygrenobleultimate","https:\/\/x.com\/MonkeyGrenoble","https:\/\/www.instagram.com\/monkey_grenoble\/"]}]}},"uagb_featured_image_src":{"full":false,"thumbnail":false,"medium":false,"medium_large":false,"large":false,"1536x1536":false,"2048x2048":false,"trp-custom-language-flag":false},"uagb_author_info":{"display_name":"Les Monkey","author_link":"https:\/\/www.ultimate-grenoble.com\/en\/author\/admin\/"},"uagb_comment_info":0,"uagb_excerpt":"Directeur de la publication :Louis Dev\u00e8ze, Pr\u00e9sident de l&rsquo;association des Monkey. Raison Sociale de l\u2019H\u00e9bergeur :Ce site&nbsp;est h\u00e9berg\u00e9 par OVH \u2013&nbsp; 2 rue Kellermann \u2013 59100 ROUBAIX \u2013 FrancePour contacter cet h\u00e9bergeur, rendez-vous \u00e0 l\u2019adresse http:\/\/www.ovh.com\/fr\/support\/ Propri\u00e9t\u00e9 intellectuelle :La structure g\u00e9n\u00e9rale ainsi que les logiciels, textes, images anim\u00e9es ou non, son savoir-faire et tous les&hellip;","_links":{"self":[{"href":"https:\/\/www.ultimate-grenoble.com\/en\/wp-json\/wp\/v2\/pages\/4782","targetHints":{"allow":["GET"]}}],"collection":[{"href":"https:\/\/www.ultimate-grenoble.com\/en\/wp-json\/wp\/v2\/pages"}],"about":[{"href":"https:\/\/www.ultimate-grenoble.com\/en\/wp-json\/wp\/v2\/types\/page"}],"author":[{"embeddable":true,"href":"https:\/\/www.ultimate-grenoble.com\/en\/wp-json\/wp\/v2\/users\/1"}],"replies":[{"embeddable":true,"href":"https:\/\/www.ultimate-grenoble.com\/en\/wp-json\/wp\/v2\/comments?post=4782"}],"version-history":[{"count":4,"href":"https:\/\/www.ultimate-grenoble.com\/en\/wp-json\/wp\/v2\/pages\/4782\/revisions"}],"predecessor-version":[{"id":16840,"href":"https:\/\/www.ultimate-grenoble.com\/en\/wp-json\/wp\/v2\/pages\/4782\/revisions\/16840"}],"wp:attachment":[{"href":"https:\/\/www.ultimate-grenoble.com\/en\/wp-json\/wp\/v2\/media?parent=4782"}],"curies":[{"name":"wp","href":"https:\/\/api.w.org\/{rel}","templated":true}]}}