{"id":16709,"date":"2025-09-08T17:38:59","date_gmt":"2025-09-08T15:38:59","guid":{"rendered":"https:\/\/www.ultimate-grenoble.com\/?page_id=16709"},"modified":"2025-09-17T16:20:24","modified_gmt":"2025-09-17T14:20:24","slug":"paiement-disques","status":"publish","type":"page","link":"https:\/\/www.ultimate-grenoble.com\/en\/paiement-disques\/","title":{"rendered":"paiement-disques"},"content":{"rendered":"<div class=\"wp-block-cover alignfull\" style=\"min-height:750px;aspect-ratio:unset;\"><img loading=\"lazy\" decoding=\"async\" width=\"1024\" height=\"683\" class=\"wp-block-cover__image-background wp-image-16715 size-large\" alt=\"\" src=\"https:\/\/www.ultimate-grenoble.com\/wp-content\/uploads\/2025\/09\/IMG_5552-1024x683.jpg\" style=\"object-position:51% 26%\" data-object-fit=\"cover\" data-object-position=\"51% 26%\" srcset=\"https:\/\/www.ultimate-grenoble.com\/wp-content\/uploads\/2025\/09\/IMG_5552-1024x683.jpg 1024w, https:\/\/www.ultimate-grenoble.com\/wp-content\/uploads\/2025\/09\/IMG_5552-300x200.jpg 300w, https:\/\/www.ultimate-grenoble.com\/wp-content\/uploads\/2025\/09\/IMG_5552-768x512.jpg 768w, https:\/\/www.ultimate-grenoble.com\/wp-content\/uploads\/2025\/09\/IMG_5552-1536x1024.jpg 1536w, https:\/\/www.ultimate-grenoble.com\/wp-content\/uploads\/2025\/09\/IMG_5552-2048x1366.jpg 2048w\" sizes=\"auto, (max-width: 1024px) 100vw, 1024px\" \/><span aria-hidden=\"true\" class=\"wp-block-cover__background has-background-dim-60 has-background-dim\"><\/span><div class=\"wp-block-cover__inner-container is-layout-constrained wp-block-cover-is-layout-constrained\">\n<div class=\"wp-block-uagb-advanced-heading uagb-block-8530c48e\"><h1 class=\"uagb-heading-text\">paiement des disques<\/h1><\/div>\n<\/div><\/div>\n\n\n\n<div class=\"wp-block-uagb-container uagb-block-om42wpnu alignfull uagb-is-root-container\"><div class=\"uagb-container-inner-blocks-wrap\">\n<div class=\"wp-block-uagb-info-box uagb-block-4cipti31 uagb-infobox__content-wrap  uagb-infobox-icon-above-title uagb-infobox-image-valign-top\"><div class=\"uagb-ifb-content\"><div class=\"uagb-ifb-title-wrap\"><p class=\"uagb-ifb-title-prefix\">ULTIMATE &amp; DISC GOLF<\/p><h2 class=\"uagb-ifb-title\">Paiement des disques command\u00e9s <\/h2><\/div><p class=\"uagb-ifb-desc\">Cette boutique permet de payer les commandes de disques effectu\u00e9es aupr\u00e8s du club, lors des entrainements ou par message.<br><mark style=\"background-color:rgba(0, 0, 0, 0)\" class=\"has-inline-color has-ast-global-color-0-color\"><strong>Ne payez pas de fourniture non command\u00e9e, il ne s&rsquo;agit que d&rsquo;une interface de r\u00e8glement et non d&rsquo;une boutique en ligne classique.<\/strong>&nbsp;&nbsp;<\/mark><\/p><\/div><\/div>\n\n\n\n<div class=\"wp-block-uagb-container uagb-block-495ec437 alignfull uagb-is-root-container\"><div class=\"uagb-container-inner-blocks-wrap\">\n<div class=\"wp-block-group is-nowrap is-layout-flex wp-container-core-group-is-layout-6c531013 wp-block-group-is-layout-flex\">\n<div class=\"wp-block-uagb-container uagb-block-d4030503\">\n<div class=\"wp-block-uagb-info-box uagb-block-f87c9b76 uagb-infobox__content-wrap  uagb-infobox-icon-above-title uagb-infobox-image-valign-top\"><div class=\"uagb-ifb-content\"><div class=\"uagb-ifb-title-wrap\"><h3 class=\"uagb-ifb-title\">Ultimate<\/h3><\/div><p class=\"uagb-ifb-desc\">Vous pouvez commandez des disques d&rsquo;ultimate frisbee aupr\u00e8s des membres du CA par message, et les r\u00e9cup\u00e9rer lors des entrainements.<\/p><\/div><\/div>\n\n\n\n<div class=\"wp-block-uagb-modal uagb-block-a887ed25 uagb-modal-wrapper\" data-escpress=\"enable\" data-overlayclick=\"disable\"><div class=\"uagb-spectra-button-wrapper wp-block-button\"><a class=\"uagb-modal-button-link wp-block-button__link uagb-modal-trigger\" href=\"#\" onclick=\"return false;\" target=\"_self\" rel=\"noopener noreferrer\"><span class=\"uagb-modal-content-wrapper\"><span class=\"uagb-inline-editing\">Commander<\/span><\/span><\/a><\/div><div class=\"uagb-effect-default uagb-modal-popup uagb-block-a887ed25 uagb-modal-type-undefined\"><div class=\"uagb-modal-popup-wrap\"><div class=\"uagb-modal-popup-content\">\n<div class=\"wp-block-uagb-info-box uagb-block-0c111a88 uagb-infobox__content-wrap  uagb-infobox-icon-above-title uagb-infobox-image-valign-top\"><div class=\"uagb-ifb-content\"><div class=\"uagb-ifb-icon-wrap\"><svg xmlns=\"https:\/\/www.w3.org\/2000\/svg\" viewbox=\"0 0 512 512\"><path d=\"M256 160C202.9 160 160 202.9 160 256s42.92 96 96 96c53.08 0 96-42.92 96-96S309.1 160 256 160zM256 288C238.3 288 224 273.7 224 256s14.33-32 32-32c17.67 0 32 14.33 32 32S273.7 288 256 288zM256 0c-141.4 0-256 114.6-256 256s114.6 256 256 256c141.4 0 256-114.6 256-256S397.4 0 256 0zM256 384c-70.75 0-128-57.25-128-128s57.25-128 128-128s128 57.25 128 128S326.8 384 256 384z\"><\/path><\/svg><\/div><div class=\"uagb-ifb-title-wrap\"><h3 class=\"uagb-ifb-title\">Comment commander des disques d&rsquo;ultimate?<\/h3><\/div><\/div><\/div>\n\n\n\n<div class=\"wp-block-uagb-icon-list uagb-block-33a2d4b0\"><div class=\"uagb-icon-list__wrap\">\n<div class=\"wp-block-uagb-icon-list-child uagb-block-352c2077\"><span class=\"uagb-icon-list__source-wrap\"><svg xmlns=\"https:\/\/www.w3.org\/2000\/svg\" viewbox=\"0 0 320 512\"><path d=\"M96 480c-8.188 0-16.38-3.125-22.62-9.375c-12.5-12.5-12.5-32.75 0-45.25L242.8 256L73.38 86.63c-12.5-12.5-12.5-32.75 0-45.25s32.75-12.5 45.25 0l192 192c12.5 12.5 12.5 32.75 0 45.25l-192 192C112.4 476.9 104.2 480 96 480z\"><\/path><\/svg><\/span><span class=\"uagb-icon-list__label\">J\u2019effectue une demande aupr\u00e8s d\u2019Emilie Buessler ou de Pierre Gruau en pr\u00e9cisant le nombre de disques souhait\u00e9 et la couleur. Je m\u2019arrange ensuite avec eux pour r\u00e9cup\u00e9rer ma commande.<\/span><\/div>\n\n\n\n<div class=\"wp-block-uagb-icon-list-child uagb-block-645676a2\"><span class=\"uagb-icon-list__source-wrap\"><svg xmlns=\"https:\/\/www.w3.org\/2000\/svg\" viewbox=\"0 0 320 512\"><path d=\"M96 480c-8.188 0-16.38-3.125-22.62-9.375c-12.5-12.5-12.5-32.75 0-45.25L242.8 256L73.38 86.63c-12.5-12.5-12.5-32.75 0-45.25s32.75-12.5 45.25 0l192 192c12.5 12.5 12.5 32.75 0 45.25l-192 192C112.4 476.9 104.2 480 96 480z\"><\/path><\/svg><\/span><span class=\"uagb-icon-list__label\">Une fois ma commande effectu\u00e9e, je r\u00e8gle mon achat via la boutique ci-dessous, en pr\u00e9cisant bien la couleur des disques achet\u00e9s ainsi que la quantit\u00e9. <br>Exemple : J\u2019ai achet\u00e9 3 disques, deux noirs et un blanc. Je s\u00e9l\u00e9ctionne donc 2 \u201cdisque Monkey noir\u201d et 1 \u201cdisque Monkey blanc\u201d puis j\u2019effectue le paiement.<\/span><\/div>\n<\/div><\/div>\n<\/div><button class=\"uagb-modal-popup-close\" aria-label=\"Close Modal\"><svg xmlns=\"https:\/\/www.w3.org\/2000\/svg\" viewbox=\"0 0 320 512\"><path d=\"M310.6 361.4c12.5 12.5 12.5 32.75 0 45.25C304.4 412.9 296.2 416 288 416s-16.38-3.125-22.62-9.375L160 301.3L54.63 406.6C48.38 412.9 40.19 416 32 416S15.63 412.9 9.375 406.6c-12.5-12.5-12.5-32.75 0-45.25l105.4-105.4L9.375 150.6c-12.5-12.5-12.5-32.75 0-45.25s32.75-12.5 45.25 0L160 210.8l105.4-105.4c12.5-12.5 32.75-12.5 45.25 0s12.5 32.75 0 45.25l-105.4 105.4L310.6 361.4z\"><\/path><\/svg><\/button><\/div><\/div><\/div>\n<\/div>\n\n\n\n<div class=\"wp-block-uagb-container uagb-block-ee3424db\">\n<div class=\"wp-block-uagb-info-box uagb-block-37d9921b uagb-infobox__content-wrap  uagb-infobox-icon-above-title uagb-infobox-image-valign-top\"><div class=\"uagb-ifb-content\"><div class=\"uagb-ifb-title-wrap\"><h3 class=\"uagb-ifb-title\">Disc golf<\/h3><\/div><p class=\"uagb-ifb-desc\">Vous pouvez commandez des disc golf aupr\u00e8s de Pierre Castanier par message, en fonction des <a href=\"https:\/\/docs.google.com\/spreadsheets\/d\/144E9QDei3Ar2TFj4YpMA_vise0W0mFywM3Dc9wQc-zY\/edit?gid=1557089827#gid=1557089827\" target=\"_blank\" rel=\"noreferrer noopener\">stocks disponibles<\/a>.<\/p><\/div><\/div>\n\n\n\n<div class=\"wp-block-uagb-modal uagb-block-521258ad uagb-modal-wrapper\" data-escpress=\"enable\" data-overlayclick=\"disable\"><div class=\"uagb-spectra-button-wrapper wp-block-button\"><a class=\"uagb-modal-button-link wp-block-button__link uagb-modal-trigger\" href=\"#\" onclick=\"return false;\" target=\"_self\" rel=\"noopener noreferrer\"><span class=\"uagb-modal-content-wrapper\"><span class=\"uagb-inline-editing\">Commander<\/span><\/span><\/a><\/div><div class=\"uagb-effect-default uagb-modal-popup uagb-block-521258ad uagb-modal-type-undefined\"><div class=\"uagb-modal-popup-wrap\"><div class=\"uagb-modal-popup-content\">\n<div class=\"wp-block-uagb-info-box uagb-block-8f6af6e5 uagb-infobox__content-wrap  uagb-infobox-icon-above-title uagb-infobox-image-valign-top\"><div class=\"uagb-ifb-content\"><div class=\"uagb-ifb-icon-wrap\"><svg xmlns=\"https:\/\/www.w3.org\/2000\/svg\" viewbox=\"0 0 512 512\"><path d=\"M256 160C202.9 160 160 202.9 160 256s42.92 96 96 96c53.08 0 96-42.92 96-96S309.1 160 256 160zM256 288C238.3 288 224 273.7 224 256s14.33-32 32-32c17.67 0 32 14.33 32 32S273.7 288 256 288zM256 0c-141.4 0-256 114.6-256 256s114.6 256 256 256c141.4 0 256-114.6 256-256S397.4 0 256 0zM256 384c-70.75 0-128-57.25-128-128s57.25-128 128-128s128 57.25 128 128S326.8 384 256 384z\"><\/path><\/svg><\/div><div class=\"uagb-ifb-title-wrap\"><h3 class=\"uagb-ifb-title\">Comment commander des disc golf?<\/h3><\/div><\/div><\/div>\n\n\n\n<div class=\"wp-block-uagb-icon-list uagb-block-1b3cb1fc\"><div class=\"uagb-icon-list__wrap\">\n<div class=\"wp-block-uagb-icon-list-child uagb-block-75f04d2b\"><span class=\"uagb-icon-list__source-wrap\"><svg xmlns=\"https:\/\/www.w3.org\/2000\/svg\" viewbox=\"0 0 320 512\"><path d=\"M96 480c-8.188 0-16.38-3.125-22.62-9.375c-12.5-12.5-12.5-32.75 0-45.25L242.8 256L73.38 86.63c-12.5-12.5-12.5-32.75 0-45.25s32.75-12.5 45.25 0l192 192c12.5 12.5 12.5 32.75 0 45.25l-192 192C112.4 476.9 104.2 480 96 480z\"><\/path><\/svg><\/span><span class=\"uagb-icon-list__label\">Vous devez dans un premier temps choisir vos disques, en fonction des stocks disponibles.<br>Deux options lors de cette \u00e9tape:<br>&#8211; Je m&rsquo;y connais en DG et je sais quel disque je<br>veux. Dans ce cas, je pr\u00e9cise les caract\u00e9ristiques souhait\u00e9es (nom, poids, couleur, etc) et passe directement commande.<br>&#8211; Je n\u2019y connais rien aux chiffres concernant les disques et dans ce cas je peux demander \u00e0 Pierre qu\u2019il m\u2019\u00e9claire sur ces points pour passer commande ensuite.<\/span><\/div>\n\n\n\n<div class=\"wp-block-uagb-icon-list-child uagb-block-c84e9c6e\"><span class=\"uagb-icon-list__source-wrap\"><svg xmlns=\"https:\/\/www.w3.org\/2000\/svg\" viewbox=\"0 0 320 512\"><path d=\"M96 480c-8.188 0-16.38-3.125-22.62-9.375c-12.5-12.5-12.5-32.75 0-45.25L242.8 256L73.38 86.63c-12.5-12.5-12.5-32.75 0-45.25s32.75-12.5 45.25 0l192 192c12.5 12.5 12.5 32.75 0 45.25l-192 192C112.4 476.9 104.2 480 96 480z\"><\/path><\/svg><\/span><span class=\"uagb-icon-list__label\">Une fois ma commande effectu\u00e9e, je r\u00e8gle mon achat via la boutique ci-dessous, en pr\u00e9cisant le type de disques achet\u00e9s et la quantit\u00e9. <br>En cas de doute, je peux demander  confirmation \u00e0 Pierre sur les disques \u00e0 s\u00e9lectionner au moment de l\u2019achat.<\/span><\/div>\n<\/div><\/div>\n<\/div><button class=\"uagb-modal-popup-close\" aria-label=\"Close Modal\"><svg xmlns=\"https:\/\/www.w3.org\/2000\/svg\" viewbox=\"0 0 320 512\"><path d=\"M310.6 361.4c12.5 12.5 12.5 32.75 0 45.25C304.4 412.9 296.2 416 288 416s-16.38-3.125-22.62-9.375L160 301.3L54.63 406.6C48.38 412.9 40.19 416 32 416S15.63 412.9 9.375 406.6c-12.5-12.5-12.5-32.75 0-45.25l105.4-105.4L9.375 150.6c-12.5-12.5-12.5-32.75 0-45.25s32.75-12.5 45.25 0L160 210.8l105.4-105.4c12.5-12.5 32.75-12.5 45.25 0s12.5 32.75 0 45.25l-105.4 105.4L310.6 361.4z\"><\/path><\/svg><\/button><\/div><\/div><\/div>\n<\/div>\n<\/div>\n<\/div><\/div>\n<\/div><\/div>\n\n\n\n<div class=\"wp-block-uagb-container uagb-block-53f898d6 alignfull uagb-is-root-container\"><div class=\"uagb-container-inner-blocks-wrap\">\n<div class=\"wp-block-brad-border-box\">\t\t\t<iframe\n\t\t\t\tid=\"idIframe\"\n\t\t\t\tsrc=\"https:\/\/www.helloasso.com\/associations\/les-monkey\/boutiques\/boutique-monkey\/widget\"\n\t\t\t\theight=\"750px\"\t\t\t\twidth=\"100%\"\t\t\t\tframeborder=\"0\"\t\t\t\tloading=\"lazy\"\t\t\t\tallowtransparency=\"true\"\t\t\t\tonload=\"resizeIframeMessage()\"\"\"><\/iframe>\n<\/div>\n<\/div><\/div>","protected":false},"excerpt":{"rendered":"","protected":false},"author":357,"featured_media":0,"parent":0,"menu_order":0,"comment_status":"closed","ping_status":"closed","template":"","meta":{"_uag_custom_page_level_css":"","site-sidebar-layout":"default","site-content-layout":"","ast-site-content-layout":"normal-width-container","site-content-style":"default","site-sidebar-style":"default","ast-global-header-display":"","ast-banner-title-visibility":"","ast-main-header-display":"","ast-hfb-above-header-display":"","ast-hfb-below-header-display":"","ast-hfb-mobile-header-display":"","site-post-title":"disabled","ast-breadcrumbs-content":"","ast-featured-img":"","footer-sml-layout":"","ast-disable-related-posts":"","theme-transparent-header-meta":"enabled","adv-header-id-meta":"","stick-header-meta":"","header-above-stick-meta":"","header-main-stick-meta":"","header-below-stick-meta":"","astra-migrate-meta-layouts":"set","ast-page-background-enabled":"default","ast-page-background-meta":{"desktop":{"background-color":"","background-image":"","background-repeat":"repeat","background-position":"center center","background-size":"auto","background-attachment":"scroll","background-type":"","background-media":"","overlay-type":"","overlay-color":"","overlay-opacity":"","overlay-gradient":""},"tablet":{"background-color":"","background-image":"","background-repeat":"repeat","background-position":"center center","background-size":"auto","background-attachment":"scroll","background-type":"","background-media":"","overlay-type":"","overlay-color":"","overlay-opacity":"","overlay-gradient":""},"mobile":{"background-color":"","background-image":"","background-repeat":"repeat","background-position":"center center","background-size":"auto","background-attachment":"scroll","background-type":"","background-media":"","overlay-type":"","overlay-color":"","overlay-opacity":"","overlay-gradient":""}},"ast-content-background-meta":{"desktop":{"background-color":"var(--ast-global-color-5)","background-image":"","background-repeat":"repeat","background-position":"center center","background-size":"auto","background-attachment":"scroll","background-type":"","background-media":"","overlay-type":"","overlay-color":"","overlay-opacity":"","overlay-gradient":""},"tablet":{"background-color":"var(--ast-global-color-5)","background-image":"","background-repeat":"repeat","background-position":"center center","background-size":"auto","background-attachment":"scroll","background-type":"","background-media":"","overlay-type":"","overlay-color":"","overlay-opacity":"","overlay-gradient":""},"mobile":{"background-color":"var(--ast-global-color-5)","background-image":"","background-repeat":"repeat","background-position":"center center","background-size":"auto","background-attachment":"scroll","background-type":"","background-media":"","overlay-type":"","overlay-color":"","overlay-opacity":"","overlay-gradient":""}},"footnotes":""},"class_list":["post-16709","page","type-page","status-publish","hentry"],"yoast_head":"<!-- This site is optimized with the Yoast SEO plugin v27.1.1 - https:\/\/yoast.com\/product\/yoast-seo-wordpress\/ -->\n<title>paiement-disques - Monkey Grenoble<\/title>\n<meta name=\"description\" content=\"paiement des disques ULTIMATE &amp; DISC GOLFPaiement des disques command\u00e9s Cette boutique permet de payer les commandes de disques effectu\u00e9es aupr\u00e8s du\" \/>\n<meta name=\"robots\" content=\"index, follow, max-snippet:-1, max-image-preview:large, max-video-preview:-1\" \/>\n<link rel=\"canonical\" href=\"https:\/\/www.ultimate-grenoble.com\/en\/paiement-disques\/\" \/>\n<meta property=\"og:locale\" content=\"en_US\" \/>\n<meta property=\"og:type\" content=\"article\" \/>\n<meta property=\"og:title\" content=\"paiement-disques - Monkey Grenoble\" \/>\n<meta property=\"og:description\" content=\"paiement des disques ULTIMATE &amp; DISC GOLFPaiement des disques command\u00e9s Cette boutique permet de payer les commandes de disques effectu\u00e9es aupr\u00e8s du\" \/>\n<meta property=\"og:url\" content=\"https:\/\/www.ultimate-grenoble.com\/en\/paiement-disques\/\" \/>\n<meta property=\"og:site_name\" content=\"Monkey Grenoble\" \/>\n<meta property=\"article:publisher\" content=\"https:\/\/www.facebook.com\/monkeygrenobleultimate\" \/>\n<meta property=\"article:modified_time\" content=\"2025-09-17T14:20:24+00:00\" \/>\n<meta property=\"og:image\" content=\"https:\/\/www.ultimate-grenoble.com\/wp-content\/uploads\/2025\/09\/IMG_5552.jpg\" \/>\n\t<meta property=\"og:image:width\" content=\"2560\" \/>\n\t<meta property=\"og:image:height\" content=\"1707\" \/>\n\t<meta property=\"og:image:type\" content=\"image\/jpeg\" \/>\n<meta name=\"twitter:label1\" content=\"Est. reading time\" \/>\n\t<meta name=\"twitter:data1\" content=\"2 minutes\" \/>\n<script type=\"application\/ld+json\" class=\"yoast-schema-graph\">{\"@context\":\"https:\/\/schema.org\",\"@graph\":[{\"@type\":\"WebPage\",\"@id\":\"https:\/\/www.ultimate-grenoble.com\/paiement-disques\/\",\"url\":\"https:\/\/www.ultimate-grenoble.com\/paiement-disques\/\",\"name\":\"paiement-disques - Monkey Grenoble\",\"isPartOf\":{\"@id\":\"https:\/\/www.ultimate-grenoble.com\/#website\"},\"primaryImageOfPage\":{\"@id\":\"https:\/\/www.ultimate-grenoble.com\/paiement-disques\/#primaryimage\"},\"image\":{\"@id\":\"https:\/\/www.ultimate-grenoble.com\/paiement-disques\/#primaryimage\"},\"thumbnailUrl\":\"https:\/\/www.ultimate-grenoble.com\/wp-content\/uploads\/2025\/09\/IMG_5552-1024x683.jpg\",\"datePublished\":\"2025-09-08T15:38:59+00:00\",\"dateModified\":\"2025-09-17T14:20:24+00:00\",\"description\":\"paiement des disques ULTIMATE &amp; DISC GOLFPaiement des disques command\u00e9s Cette boutique permet de payer les commandes de disques effectu\u00e9es aupr\u00e8s du\",\"breadcrumb\":{\"@id\":\"https:\/\/www.ultimate-grenoble.com\/paiement-disques\/#breadcrumb\"},\"inLanguage\":\"en-US\",\"potentialAction\":[{\"@type\":\"ReadAction\",\"target\":[\"https:\/\/www.ultimate-grenoble.com\/paiement-disques\/\"]}]},{\"@type\":\"ImageObject\",\"inLanguage\":\"en-US\",\"@id\":\"https:\/\/www.ultimate-grenoble.com\/paiement-disques\/#primaryimage\",\"url\":\"https:\/\/www.ultimate-grenoble.com\/wp-content\/uploads\/2025\/09\/IMG_5552-1024x683.jpg\",\"contentUrl\":\"https:\/\/www.ultimate-grenoble.com\/wp-content\/uploads\/2025\/09\/IMG_5552-1024x683.jpg\"},{\"@type\":\"BreadcrumbList\",\"@id\":\"https:\/\/www.ultimate-grenoble.com\/paiement-disques\/#breadcrumb\",\"itemListElement\":[{\"@type\":\"ListItem\",\"position\":1,\"name\":\"Accueil\",\"item\":\"https:\/\/www.ultimate-grenoble.com\/\"},{\"@type\":\"ListItem\",\"position\":2,\"name\":\"paiement-disques\"}]},{\"@type\":\"WebSite\",\"@id\":\"https:\/\/www.ultimate-grenoble.com\/#website\",\"url\":\"https:\/\/www.ultimate-grenoble.com\/\",\"name\":\"MONKEY Grenoble\",\"description\":\"Ultimate &amp; Disc Golf\",\"publisher\":{\"@id\":\"https:\/\/www.ultimate-grenoble.com\/#organization\"},\"potentialAction\":[{\"@type\":\"SearchAction\",\"target\":{\"@type\":\"EntryPoint\",\"urlTemplate\":\"https:\/\/www.ultimate-grenoble.com\/?s={search_term_string}\"},\"query-input\":{\"@type\":\"PropertyValueSpecification\",\"valueRequired\":true,\"valueName\":\"search_term_string\"}}],\"inLanguage\":\"en-US\"},{\"@type\":\"Organization\",\"@id\":\"https:\/\/www.ultimate-grenoble.com\/#organization\",\"name\":\"Les Monkey - Ultimate Grenoble\",\"url\":\"https:\/\/www.ultimate-grenoble.com\/\",\"logo\":{\"@type\":\"ImageObject\",\"inLanguage\":\"en-US\",\"@id\":\"https:\/\/www.ultimate-grenoble.com\/#\/schema\/logo\/image\/\",\"url\":\"https:\/\/www.ultimate-grenoble.com\/wp-content\/uploads\/2018\/05\/favicon_logorond.jpg\",\"contentUrl\":\"https:\/\/www.ultimate-grenoble.com\/wp-content\/uploads\/2018\/05\/favicon_logorond.jpg\",\"width\":2646,\"height\":2646,\"caption\":\"Les Monkey - Ultimate Grenoble\"},\"image\":{\"@id\":\"https:\/\/www.ultimate-grenoble.com\/#\/schema\/logo\/image\/\"},\"sameAs\":[\"https:\/\/www.facebook.com\/monkeygrenobleultimate\",\"https:\/\/x.com\/MonkeyGrenoble\",\"https:\/\/www.instagram.com\/monkey_grenoble\/\"]}]}<\/script>\n<!-- \/ Yoast SEO plugin. -->","yoast_head_json":{"title":"paiement-disques - Monkey Grenoble","description":"paiement des disques ULTIMATE &amp; DISC GOLFPaiement des disques command\u00e9s Cette boutique permet de payer les commandes de disques effectu\u00e9es aupr\u00e8s du","robots":{"index":"index","follow":"follow","max-snippet":"max-snippet:-1","max-image-preview":"max-image-preview:large","max-video-preview":"max-video-preview:-1"},"canonical":"https:\/\/www.ultimate-grenoble.com\/en\/paiement-disques\/","og_locale":"en_US","og_type":"article","og_title":"paiement-disques - Monkey Grenoble","og_description":"paiement des disques ULTIMATE &amp; DISC GOLFPaiement des disques command\u00e9s Cette boutique permet de payer les commandes de disques effectu\u00e9es aupr\u00e8s du","og_url":"https:\/\/www.ultimate-grenoble.com\/en\/paiement-disques\/","og_site_name":"Monkey Grenoble","article_publisher":"https:\/\/www.facebook.com\/monkeygrenobleultimate","article_modified_time":"2025-09-17T14:20:24+00:00","og_image":[{"width":2560,"height":1707,"url":"https:\/\/www.ultimate-grenoble.com\/wp-content\/uploads\/2025\/09\/IMG_5552.jpg","type":"image\/jpeg"}],"twitter_misc":{"Est. reading time":"2 minutes"},"schema":{"@context":"https:\/\/schema.org","@graph":[{"@type":"WebPage","@id":"https:\/\/www.ultimate-grenoble.com\/paiement-disques\/","url":"https:\/\/www.ultimate-grenoble.com\/paiement-disques\/","name":"paiement-disques - Monkey Grenoble","isPartOf":{"@id":"https:\/\/www.ultimate-grenoble.com\/#website"},"primaryImageOfPage":{"@id":"https:\/\/www.ultimate-grenoble.com\/paiement-disques\/#primaryimage"},"image":{"@id":"https:\/\/www.ultimate-grenoble.com\/paiement-disques\/#primaryimage"},"thumbnailUrl":"https:\/\/www.ultimate-grenoble.com\/wp-content\/uploads\/2025\/09\/IMG_5552-1024x683.jpg","datePublished":"2025-09-08T15:38:59+00:00","dateModified":"2025-09-17T14:20:24+00:00","description":"paiement des disques ULTIMATE &amp; DISC GOLFPaiement des disques command\u00e9s Cette boutique permet de payer les commandes de disques effectu\u00e9es aupr\u00e8s du","breadcrumb":{"@id":"https:\/\/www.ultimate-grenoble.com\/paiement-disques\/#breadcrumb"},"inLanguage":"en-US","potentialAction":[{"@type":"ReadAction","target":["https:\/\/www.ultimate-grenoble.com\/paiement-disques\/"]}]},{"@type":"ImageObject","inLanguage":"en-US","@id":"https:\/\/www.ultimate-grenoble.com\/paiement-disques\/#primaryimage","url":"https:\/\/www.ultimate-grenoble.com\/wp-content\/uploads\/2025\/09\/IMG_5552-1024x683.jpg","contentUrl":"https:\/\/www.ultimate-grenoble.com\/wp-content\/uploads\/2025\/09\/IMG_5552-1024x683.jpg"},{"@type":"BreadcrumbList","@id":"https:\/\/www.ultimate-grenoble.com\/paiement-disques\/#breadcrumb","itemListElement":[{"@type":"ListItem","position":1,"name":"Accueil","item":"https:\/\/www.ultimate-grenoble.com\/"},{"@type":"ListItem","position":2,"name":"paiement-disques"}]},{"@type":"WebSite","@id":"https:\/\/www.ultimate-grenoble.com\/#website","url":"https:\/\/www.ultimate-grenoble.com\/","name":"MONKEY Grenoble","description":"Ultimate &amp; Disc Golf","publisher":{"@id":"https:\/\/www.ultimate-grenoble.com\/#organization"},"potentialAction":[{"@type":"SearchAction","target":{"@type":"EntryPoint","urlTemplate":"https:\/\/www.ultimate-grenoble.com\/?s={search_term_string}"},"query-input":{"@type":"PropertyValueSpecification","valueRequired":true,"valueName":"search_term_string"}}],"inLanguage":"en-US"},{"@type":"Organization","@id":"https:\/\/www.ultimate-grenoble.com\/#organization","name":"Les Monkey - Ultimate Grenoble","url":"https:\/\/www.ultimate-grenoble.com\/","logo":{"@type":"ImageObject","inLanguage":"en-US","@id":"https:\/\/www.ultimate-grenoble.com\/#\/schema\/logo\/image\/","url":"https:\/\/www.ultimate-grenoble.com\/wp-content\/uploads\/2018\/05\/favicon_logorond.jpg","contentUrl":"https:\/\/www.ultimate-grenoble.com\/wp-content\/uploads\/2018\/05\/favicon_logorond.jpg","width":2646,"height":2646,"caption":"Les Monkey - Ultimate Grenoble"},"image":{"@id":"https:\/\/www.ultimate-grenoble.com\/#\/schema\/logo\/image\/"},"sameAs":["https:\/\/www.facebook.com\/monkeygrenobleultimate","https:\/\/x.com\/MonkeyGrenoble","https:\/\/www.instagram.com\/monkey_grenoble\/"]}]}},"uagb_featured_image_src":{"full":false,"thumbnail":false,"medium":false,"medium_large":false,"large":false,"1536x1536":false,"2048x2048":false,"trp-custom-language-flag":false},"uagb_author_info":{"display_name":"Adrien Lachambre","author_link":"https:\/\/www.ultimate-grenoble.com\/en\/author\/a-lachambre\/"},"uagb_comment_info":0,"uagb_excerpt":null,"_links":{"self":[{"href":"https:\/\/www.ultimate-grenoble.com\/en\/wp-json\/wp\/v2\/pages\/16709","targetHints":{"allow":["GET"]}}],"collection":[{"href":"https:\/\/www.ultimate-grenoble.com\/en\/wp-json\/wp\/v2\/pages"}],"about":[{"href":"https:\/\/www.ultimate-grenoble.com\/en\/wp-json\/wp\/v2\/types\/page"}],"author":[{"embeddable":true,"href":"https:\/\/www.ultimate-grenoble.com\/en\/wp-json\/wp\/v2\/users\/357"}],"replies":[{"embeddable":true,"href":"https:\/\/www.ultimate-grenoble.com\/en\/wp-json\/wp\/v2\/comments?post=16709"}],"version-history":[{"count":15,"href":"https:\/\/www.ultimate-grenoble.com\/en\/wp-json\/wp\/v2\/pages\/16709\/revisions"}],"predecessor-version":[{"id":16780,"href":"https:\/\/www.ultimate-grenoble.com\/en\/wp-json\/wp\/v2\/pages\/16709\/revisions\/16780"}],"wp:attachment":[{"href":"https:\/\/www.ultimate-grenoble.com\/en\/wp-json\/wp\/v2\/media?parent=16709"}],"curies":[{"name":"wp","href":"https:\/\/api.w.org\/{rel}","templated":true}]}}