{"id":16,"date":"2011-09-06T19:52:51","date_gmt":"2011-09-06T17:52:51","guid":{"rendered":"http:\/\/ultimatemonkeygrenoble.wordpress.com\/?page_id=16"},"modified":"2025-09-17T16:00:18","modified_gmt":"2025-09-17T14:00:18","slug":"inscription","status":"publish","type":"page","link":"https:\/\/www.ultimate-grenoble.com\/en\/inscription\/","title":{"rendered":"Inscription"},"content":{"rendered":"<div class=\"wp-block-cover alignfull\" style=\"min-height:850px;aspect-ratio:unset;\"><img loading=\"lazy\" decoding=\"async\" width=\"1024\" height=\"682\" class=\"wp-block-cover__image-background wp-image-16107 size-large\" alt=\"\" src=\"https:\/\/www.ultimate-grenoble.com\/wp-content\/uploads\/2024\/10\/Dupre_la_Tour_Quentin_C_11-1024x682.jpg\" style=\"object-position:50% 68%\" data-object-fit=\"cover\" data-object-position=\"50% 68%\" srcset=\"https:\/\/www.ultimate-grenoble.com\/wp-content\/uploads\/2024\/10\/Dupre_la_Tour_Quentin_C_11-1024x682.jpg 1024w, https:\/\/www.ultimate-grenoble.com\/wp-content\/uploads\/2024\/10\/Dupre_la_Tour_Quentin_C_11-300x200.jpg 300w, https:\/\/www.ultimate-grenoble.com\/wp-content\/uploads\/2024\/10\/Dupre_la_Tour_Quentin_C_11-768x512.jpg 768w, https:\/\/www.ultimate-grenoble.com\/wp-content\/uploads\/2024\/10\/Dupre_la_Tour_Quentin_C_11-1536x1024.jpg 1536w, https:\/\/www.ultimate-grenoble.com\/wp-content\/uploads\/2024\/10\/Dupre_la_Tour_Quentin_C_11.jpg 2000w\" sizes=\"auto, (max-width: 1024px) 100vw, 1024px\" \/><span aria-hidden=\"true\" class=\"wp-block-cover__background has-ast-global-color-3-background-color has-background-dim-40 has-background-dim\"><\/span><div class=\"wp-block-cover__inner-container is-layout-flow wp-block-cover-is-layout-flow\">\n<div class=\"wp-block-uagb-advanced-heading uagb-block-625d1d21\"><h1 class=\"uagb-heading-text\">INSCRIPTIONS<\/h1><\/div>\n<\/div><\/div>\n\n\n\n<div class=\"wp-block-uagb-container uagb-block-3455b8a4 alignfull uagb-is-root-container\"><div class=\"uagb-container-inner-blocks-wrap\">\n<div class=\"wp-block-uagb-container uagb-block-753a6e9b\">\n<div class=\"wp-block-uagb-advanced-heading uagb-block-84dca955\"><h6 class=\"uagb-heading-text\">MONKEY grenoble<\/h6><\/div>\n\n\n\n<div class=\"wp-block-uagb-advanced-heading uagb-block-a561348e\"><h2 class=\"uagb-heading-text\">REjoindre un club dynamique, inclusif et performant<\/h2><\/div>\n<\/div>\n\n\n\n<div class=\"wp-block-uagb-container uagb-block-549c5a79\">\n<div class=\"wp-block-uagb-info-box uagb-block-c50a11c5 uagb-infobox__content-wrap  uagb-infobox-icon-above-title uagb-infobox-image-valign-top\"><div class=\"uagb-ifb-content\"><div class=\"uagb-ifb-title-wrap\"><h5 class=\"uagb-ifb-title\">Les sports de disque pour toutes et tous<\/h5><\/div><p class=\"uagb-ifb-desc\">Quelque soit votre \u00e2ge, votre sexe, vos ambitions et vos envies, il y a de la place pour vous au club des Monkey! <br>Que vous soyez d\u00e9butant \u00e0 la recherche d&rsquo;un nouveau sport, confirm\u00e9 en qu\u00eate de performances et de comp\u00e9tition, ou tout simplement curieux avec l&rsquo;envie de s&rsquo;amuser, le club des Monkey est fait pour vous!<\/p><div class=\"uagb-ifb-button-wrapper wp-block-button\"><a href=\"\/en\/le-projet-associatif\/\" target=\"_self\" onclick=\"return true;\" class=\"uagb-infobox-cta-link\" rel=\"noopener noreferrer\"><span class=\"uagb-inline-editing\">D\u00e9couvrez notre projet associatif<\/span><svg xmlns=\"https:\/\/www.w3.org\/2000\/svg\" viewbox=\"0 0 512 512\"><path d=\"M504.3 273.6l-112.1 104c-6.992 6.484-17.18 8.218-25.94 4.406c-8.758-3.812-14.42-12.45-14.42-21.1L351.9 288H32C14.33 288 .0002 273.7 .0002 255.1S14.33 224 32 224h319.9l0-72c0-9.547 5.66-18.19 14.42-22c8.754-3.809 18.95-2.075 25.94 4.41l112.1 104C514.6 247.9 514.6 264.1 504.3 273.6z\"><\/path><\/svg><\/a><\/div><\/div><\/div>\n<\/div>\n<\/div><\/div>\n\n\n\n<div class=\"wp-block-uagb-container uag-hide-desktop uag-hide-tab uag-hide-mob uagb-block-003e62cc alignfull uagb-is-root-container\"><div class=\"uagb-container-inner-blocks-wrap\">\n<p class=\"has-text-align-center has-ast-global-color-5-color has-text-color has-link-color has-medium-font-size wp-elements-9d572b5c94bb1e1c06212a19c9c96564\" style=\"margin-top:0;margin-right:0;margin-bottom:0;margin-left:0;padding-right:0;padding-left:0\">Les inscriptions pour la saison 2025 &#8211; 2026 ouvriront en Ao\u00fbt.<\/p>\n<\/div><\/div>\n\n\n\n<div class=\"wp-block-uagb-container uagb-block-ea0b0db3 alignfull uagb-is-root-container\"><div class=\"uagb-container-inner-blocks-wrap\">\n<div class=\"wp-block-uagb-container uagb-block-540e2024\">\n<div class=\"wp-block-uagb-info-box uagb-block-fd0cbb6a uagb-infobox__content-wrap  uagb-infobox-icon-above-title uagb-infobox-image-valign-top\"><div class=\"uagb-ifb-content\"><div class=\"uagb-ifb-title-wrap\"><h3 class=\"uagb-ifb-title\">La section jeune<\/h3><\/div><p class=\"uagb-ifb-desc\">La section jeune du club des Monkey accueille les jeunes de 11 \u00e0 17 ans pour des entrainements d&rsquo;Ultimate en gymnase, sur deux cr\u00e9neaux diff\u00e9rents selon l&rsquo;\u00e2ge. Une exp\u00e9rience sportive in\u00e9dite pour vos enfants!<\/p><div class=\"uagb-ifb-button-wrapper wp-block-button\"><a href=\"\/en\/la-section-jeune\/\" target=\"_self\" onclick=\"return true;\" class=\"uagb-infobox-cta-link\" rel=\"noopener noreferrer\"><span class=\"uagb-inline-editing\">La section jeune<\/span><svg xmlns=\"https:\/\/www.w3.org\/2000\/svg\" viewbox=\"0 0 512 512\"><path d=\"M504.3 273.6l-112.1 104c-6.992 6.484-17.18 8.218-25.94 4.406c-8.758-3.812-14.42-12.45-14.42-21.1L351.9 288H32C14.33 288 .0002 273.7 .0002 255.1S14.33 224 32 224h319.9l0-72c0-9.547 5.66-18.19 14.42-22c8.754-3.809 18.95-2.075 25.94 4.41l112.1 104C514.6 247.9 514.6 264.1 504.3 273.6z\"><\/path><\/svg><\/a><\/div><\/div><\/div>\n<\/div>\n\n\n\n<div class=\"wp-block-uagb-container uagb-block-51df26d5\">\n<div class=\"wp-block-uagb-info-box uagb-block-bd53d7ed uagb-infobox__content-wrap  uagb-infobox-icon-above-title uagb-infobox-image-valign-top\"><div class=\"uagb-ifb-content\"><div class=\"uagb-ifb-title-wrap\"><h3 class=\"uagb-ifb-title\">Les adultes<\/h3><\/div><p class=\"uagb-ifb-desc\">Jusqu&rsquo;\u00e0 3 entrainements d&rsquo;Ultimate par semaines sont disponibles pour les adultes, dont des cr\u00e9neaux jeu libre et des entrainements orient\u00e9s comp\u00e9tition.<br>L&rsquo;Ultimate pour toutes et tous!<\/p><div class=\"uagb-ifb-button-wrapper wp-block-button\"><a href=\"\/en\/entrainements\/\" target=\"_self\" onclick=\"return true;\" class=\"uagb-infobox-cta-link\" rel=\"noopener noreferrer\"><span class=\"uagb-inline-editing\">Les entrainements<\/span><svg xmlns=\"https:\/\/www.w3.org\/2000\/svg\" viewbox=\"0 0 512 512\"><path d=\"M504.3 273.6l-112.1 104c-6.992 6.484-17.18 8.218-25.94 4.406c-8.758-3.812-14.42-12.45-14.42-21.1L351.9 288H32C14.33 288 .0002 273.7 .0002 255.1S14.33 224 32 224h319.9l0-72c0-9.547 5.66-18.19 14.42-22c8.754-3.809 18.95-2.075 25.94 4.41l112.1 104C514.6 247.9 514.6 264.1 504.3 273.6z\"><\/path><\/svg><\/a><\/div><\/div><\/div>\n<\/div>\n\n\n\n<div class=\"wp-block-uagb-container uagb-block-77ea5fab\">\n<div class=\"wp-block-uagb-info-box uagb-block-9eeb9403 uagb-infobox__content-wrap  uagb-infobox-icon-above-title uagb-infobox-image-valign-top\"><div class=\"uagb-ifb-content\"><div class=\"uagb-ifb-title-wrap\"><h3 class=\"uagb-ifb-title\">Disc Golf<\/h3><\/div><p class=\"uagb-ifb-desc\">Une partie du club des Monkey pratique le disc golf de mani\u00e8re occasionnelle ou assidue, voir comp\u00e9titive! <br>Rejoignez-nous pour pratiquer avec un groupe de passionn\u00e9s !<\/p><div class=\"uagb-ifb-button-wrapper wp-block-button\"><a href=\"\/en\/le-disc-golf\/\" target=\"_self\" onclick=\"return true;\" class=\"uagb-infobox-cta-link\" rel=\"noopener noreferrer\"><span class=\"uagb-inline-editing\">Disc Golf<\/span><svg xmlns=\"https:\/\/www.w3.org\/2000\/svg\" viewbox=\"0 0 512 512\"><path d=\"M504.3 273.6l-112.1 104c-6.992 6.484-17.18 8.218-25.94 4.406c-8.758-3.812-14.42-12.45-14.42-21.1L351.9 288H32C14.33 288 .0002 273.7 .0002 255.1S14.33 224 32 224h319.9l0-72c0-9.547 5.66-18.19 14.42-22c8.754-3.809 18.95-2.075 25.94 4.41l112.1 104C514.6 247.9 514.6 264.1 504.3 273.6z\"><\/path><\/svg><\/a><\/div><\/div><\/div>\n<\/div>\n<\/div><\/div>\n\n\n\n<div class=\"wp-block-uagb-container uagb-block-08c70412 alignfull uagb-is-root-container\">\n<div class=\"wp-block-uagb-info-box uagb-block-4c0a73c2 uagb-infobox__content-wrap  uagb-infobox-icon-above-title uagb-infobox-image-valign-top\"><div class=\"uagb-ifb-content\"><div class=\"uagb-ifb-title-wrap\"><h2 class=\"uagb-ifb-title\">Inscription adultes<\/h2><\/div><p class=\"uagb-ifb-desc\">Les inscriptions adultes concernent toutes les personnes <strong><mark style=\"background-color:rgba(0, 0, 0, 0)\" class=\"has-inline-color has-ast-global-color-0-color\">majeures <\/mark><\/strong>souhaitant rejoindre le club Monkey, pour pratiquer <strong><mark style=\"background-color:rgba(0, 0, 0, 0)\" class=\"has-inline-color has-ast-global-color-0-color\">l&rsquo;ultimate ou le disc golf<\/mark><\/strong>.<\/p><div class=\"uagb-ifb-button-wrapper wp-block-button\"><a href=\"\/en\/inscription-adultes\/\" class=\"uagb-infobox-cta-link wp-block-button__link\" target=\"_self\" rel=\"noopener noreferrer\" onclick=\"return true;\"><span class=\"uagb-inline-editing\">CONTINUER<\/span><\/a><\/div><\/div><\/div>\n\n\n\n<div class=\"wp-block-uagb-container uagb-block-3cf53edf\"><\/div>\n<\/div>\n\n\n\n<div class=\"wp-block-uagb-container uagb-block-95922306 alignfull uagb-is-root-container\">\n<div class=\"wp-block-uagb-container uagb-block-05895a36\"><\/div>\n\n\n\n<div class=\"wp-block-uagb-info-box uagb-block-d1a6826a uagb-infobox__content-wrap  uagb-infobox-icon-above-title uagb-infobox-image-valign-top\"><div class=\"uagb-ifb-content\"><div class=\"uagb-ifb-title-wrap\"><h2 class=\"uagb-ifb-title\">inscription jeunes<\/h2><\/div><p class=\"uagb-ifb-desc\">Les inscriptions jeunes concernent tous les jeunes <strong><mark style=\"background-color:rgba(0, 0, 0, 0)\" class=\"has-inline-color has-ast-global-color-0-color\">jusqu&rsquo;\u00e0 17 ans<\/mark><\/strong>, souhaitant rejoindre le club Monkey pour pratiquer <strong><mark style=\"background-color:rgba(0, 0, 0, 0)\" class=\"has-inline-color has-ast-global-color-0-color\">l&rsquo;ultimate ou le disc golf<\/mark><\/strong>.<\/p><div class=\"uagb-ifb-button-wrapper wp-block-button\"><a href=\"\/en\/inscription-jeunes\/\" class=\"uagb-infobox-cta-link wp-block-button__link\" target=\"_self\" rel=\"noopener noreferrer\" onclick=\"return true;\"><span class=\"uagb-inline-editing\">continuer<\/span><\/a><\/div><\/div><\/div>\n<\/div>","protected":false},"excerpt":{"rendered":"<p>MONKEY grenoble REjoindre un club dynamique, inclusif et performant Les inscriptions pour la saison 2025 &#8211; 2026 ouvriront en Ao\u00fbt.<\/p>","protected":false},"author":1,"featured_media":0,"parent":0,"menu_order":6,"comment_status":"closed","ping_status":"closed","template":"","meta":{"_uag_custom_page_level_css":"","site-sidebar-layout":"no-sidebar","site-content-layout":"","ast-site-content-layout":"normal-width-container","site-content-style":"unboxed","site-sidebar-style":"unboxed","ast-global-header-display":"","ast-banner-title-visibility":"","ast-main-header-display":"","ast-hfb-above-header-display":"","ast-hfb-below-header-display":"","ast-hfb-mobile-header-display":"","site-post-title":"disabled","ast-breadcrumbs-content":"","ast-featured-img":"","footer-sml-layout":"","ast-disable-related-posts":"","theme-transparent-header-meta":"enabled","adv-header-id-meta":"","stick-header-meta":"","header-above-stick-meta":"","header-main-stick-meta":"","header-below-stick-meta":"","astra-migrate-meta-layouts":"set","ast-page-background-enabled":"default","ast-page-background-meta":{"desktop":{"background-color":"","background-image":"","background-repeat":"repeat","background-position":"center center","background-size":"auto","background-attachment":"scroll","background-type":"","background-media":"","overlay-type":"","overlay-color":"","overlay-opacity":"","overlay-gradient":""},"tablet":{"background-color":"","background-image":"","background-repeat":"repeat","background-position":"center center","background-size":"auto","background-attachment":"scroll","background-type":"","background-media":"","overlay-type":"","overlay-color":"","overlay-opacity":"","overlay-gradient":""},"mobile":{"background-color":"","background-image":"","background-repeat":"repeat","background-position":"center center","background-size":"auto","background-attachment":"scroll","background-type":"","background-media":"","overlay-type":"","overlay-color":"","overlay-opacity":"","overlay-gradient":""}},"ast-content-background-meta":{"desktop":{"background-color":"var(--ast-global-color-5)","background-image":"","background-repeat":"repeat","background-position":"center center","background-size":"auto","background-attachment":"scroll","background-type":"","background-media":"","overlay-type":"","overlay-color":"","overlay-opacity":"","overlay-gradient":""},"tablet":{"background-color":"var(--ast-global-color-5)","background-image":"","background-repeat":"repeat","background-position":"center center","background-size":"auto","background-attachment":"scroll","background-type":"","background-media":"","overlay-type":"","overlay-color":"","overlay-opacity":"","overlay-gradient":""},"mobile":{"background-color":"var(--ast-global-color-5)","background-image":"","background-repeat":"repeat","background-position":"center center","background-size":"auto","background-attachment":"scroll","background-type":"","background-media":"","overlay-type":"","overlay-color":"","overlay-opacity":"","overlay-gradient":""}},"footnotes":""},"class_list":["post-16","page","type-page","status-publish","hentry"],"yoast_head":"<!-- This site is optimized with the Yoast SEO plugin v27.1.1 - https:\/\/yoast.com\/product\/yoast-seo-wordpress\/ -->\n<title>Inscription - Monkey Grenoble<\/title>\n<meta name=\"description\" content=\"Comment entrer en contact avec l&#039;association Monkey, tout savoir sur les modalit\u00e9s d&#039;inscription pour participer, nous trouver sur les r\u00e9seaux sociaux\" \/>\n<meta name=\"robots\" content=\"index, follow, max-snippet:-1, max-image-preview:large, max-video-preview:-1\" \/>\n<link rel=\"canonical\" href=\"https:\/\/www.ultimate-grenoble.com\/en\/inscription\/\" \/>\n<meta property=\"og:locale\" content=\"en_US\" \/>\n<meta property=\"og:type\" content=\"article\" \/>\n<meta property=\"og:title\" content=\"Inscription - Monkey Grenoble\" \/>\n<meta property=\"og:description\" content=\"Comment entrer en contact avec l&#039;association Monkey, tout savoir sur les modalit\u00e9s d&#039;inscription pour participer, nous trouver sur les r\u00e9seaux sociaux\" \/>\n<meta property=\"og:url\" content=\"https:\/\/www.ultimate-grenoble.com\/en\/inscription\/\" \/>\n<meta property=\"og:site_name\" content=\"Monkey Grenoble\" \/>\n<meta property=\"article:publisher\" content=\"https:\/\/www.facebook.com\/monkeygrenobleultimate\" \/>\n<meta property=\"article:modified_time\" content=\"2025-09-17T14:00:18+00:00\" \/>\n<meta property=\"og:image\" content=\"https:\/\/www.ultimate-grenoble.com\/wp-content\/uploads\/2024\/10\/Dupre_la_Tour_Quentin_C_11.jpg\" \/>\n\t<meta property=\"og:image:width\" content=\"2000\" \/>\n\t<meta property=\"og:image:height\" content=\"1333\" \/>\n\t<meta property=\"og:image:type\" content=\"image\/jpeg\" \/>\n<meta name=\"twitter:label1\" content=\"Est. reading time\" \/>\n\t<meta name=\"twitter:data1\" content=\"2 minutes\" \/>\n<script type=\"application\/ld+json\" class=\"yoast-schema-graph\">{\"@context\":\"https:\/\/schema.org\",\"@graph\":[{\"@type\":\"WebPage\",\"@id\":\"https:\/\/www.ultimate-grenoble.com\/inscription\/\",\"url\":\"https:\/\/www.ultimate-grenoble.com\/inscription\/\",\"name\":\"Inscription - Monkey Grenoble\",\"isPartOf\":{\"@id\":\"https:\/\/www.ultimate-grenoble.com\/#website\"},\"primaryImageOfPage\":{\"@id\":\"https:\/\/www.ultimate-grenoble.com\/inscription\/#primaryimage\"},\"image\":{\"@id\":\"https:\/\/www.ultimate-grenoble.com\/inscription\/#primaryimage\"},\"thumbnailUrl\":\"https:\/\/www.ultimate-grenoble.com\/wp-content\/uploads\/2024\/10\/Dupre_la_Tour_Quentin_C_11-1024x682.jpg\",\"datePublished\":\"2011-09-06T17:52:51+00:00\",\"dateModified\":\"2025-09-17T14:00:18+00:00\",\"description\":\"Comment entrer en contact avec l'association Monkey, tout savoir sur les modalit\u00e9s d'inscription pour participer, nous trouver sur les r\u00e9seaux sociaux\",\"breadcrumb\":{\"@id\":\"https:\/\/www.ultimate-grenoble.com\/inscription\/#breadcrumb\"},\"inLanguage\":\"en-US\",\"potentialAction\":[{\"@type\":\"ReadAction\",\"target\":[\"https:\/\/www.ultimate-grenoble.com\/inscription\/\"]}]},{\"@type\":\"ImageObject\",\"inLanguage\":\"en-US\",\"@id\":\"https:\/\/www.ultimate-grenoble.com\/inscription\/#primaryimage\",\"url\":\"https:\/\/www.ultimate-grenoble.com\/wp-content\/uploads\/2024\/10\/Dupre_la_Tour_Quentin_C_11-1024x682.jpg\",\"contentUrl\":\"https:\/\/www.ultimate-grenoble.com\/wp-content\/uploads\/2024\/10\/Dupre_la_Tour_Quentin_C_11-1024x682.jpg\"},{\"@type\":\"BreadcrumbList\",\"@id\":\"https:\/\/www.ultimate-grenoble.com\/inscription\/#breadcrumb\",\"itemListElement\":[{\"@type\":\"ListItem\",\"position\":1,\"name\":\"Accueil\",\"item\":\"https:\/\/www.ultimate-grenoble.com\/\"},{\"@type\":\"ListItem\",\"position\":2,\"name\":\"Inscription\"}]},{\"@type\":\"WebSite\",\"@id\":\"https:\/\/www.ultimate-grenoble.com\/#website\",\"url\":\"https:\/\/www.ultimate-grenoble.com\/\",\"name\":\"MONKEY Grenoble\",\"description\":\"Ultimate &amp; Disc Golf\",\"publisher\":{\"@id\":\"https:\/\/www.ultimate-grenoble.com\/#organization\"},\"potentialAction\":[{\"@type\":\"SearchAction\",\"target\":{\"@type\":\"EntryPoint\",\"urlTemplate\":\"https:\/\/www.ultimate-grenoble.com\/?s={search_term_string}\"},\"query-input\":{\"@type\":\"PropertyValueSpecification\",\"valueRequired\":true,\"valueName\":\"search_term_string\"}}],\"inLanguage\":\"en-US\"},{\"@type\":\"Organization\",\"@id\":\"https:\/\/www.ultimate-grenoble.com\/#organization\",\"name\":\"Les Monkey - Ultimate Grenoble\",\"url\":\"https:\/\/www.ultimate-grenoble.com\/\",\"logo\":{\"@type\":\"ImageObject\",\"inLanguage\":\"en-US\",\"@id\":\"https:\/\/www.ultimate-grenoble.com\/#\/schema\/logo\/image\/\",\"url\":\"https:\/\/www.ultimate-grenoble.com\/wp-content\/uploads\/2018\/05\/favicon_logorond.jpg\",\"contentUrl\":\"https:\/\/www.ultimate-grenoble.com\/wp-content\/uploads\/2018\/05\/favicon_logorond.jpg\",\"width\":2646,\"height\":2646,\"caption\":\"Les Monkey - Ultimate Grenoble\"},\"image\":{\"@id\":\"https:\/\/www.ultimate-grenoble.com\/#\/schema\/logo\/image\/\"},\"sameAs\":[\"https:\/\/www.facebook.com\/monkeygrenobleultimate\",\"https:\/\/x.com\/MonkeyGrenoble\",\"https:\/\/www.instagram.com\/monkey_grenoble\/\"]}]}<\/script>\n<!-- \/ Yoast SEO plugin. -->","yoast_head_json":{"title":"Inscription - Monkey Grenoble","description":"Comment entrer en contact avec l'association Monkey, tout savoir sur les modalit\u00e9s d'inscription pour participer, nous trouver sur les r\u00e9seaux sociaux","robots":{"index":"index","follow":"follow","max-snippet":"max-snippet:-1","max-image-preview":"max-image-preview:large","max-video-preview":"max-video-preview:-1"},"canonical":"https:\/\/www.ultimate-grenoble.com\/en\/inscription\/","og_locale":"en_US","og_type":"article","og_title":"Inscription - Monkey Grenoble","og_description":"Comment entrer en contact avec l'association Monkey, tout savoir sur les modalit\u00e9s d'inscription pour participer, nous trouver sur les r\u00e9seaux sociaux","og_url":"https:\/\/www.ultimate-grenoble.com\/en\/inscription\/","og_site_name":"Monkey Grenoble","article_publisher":"https:\/\/www.facebook.com\/monkeygrenobleultimate","article_modified_time":"2025-09-17T14:00:18+00:00","og_image":[{"width":2000,"height":1333,"url":"https:\/\/www.ultimate-grenoble.com\/wp-content\/uploads\/2024\/10\/Dupre_la_Tour_Quentin_C_11.jpg","type":"image\/jpeg"}],"twitter_misc":{"Est. reading time":"2 minutes"},"schema":{"@context":"https:\/\/schema.org","@graph":[{"@type":"WebPage","@id":"https:\/\/www.ultimate-grenoble.com\/inscription\/","url":"https:\/\/www.ultimate-grenoble.com\/inscription\/","name":"Inscription - Monkey Grenoble","isPartOf":{"@id":"https:\/\/www.ultimate-grenoble.com\/#website"},"primaryImageOfPage":{"@id":"https:\/\/www.ultimate-grenoble.com\/inscription\/#primaryimage"},"image":{"@id":"https:\/\/www.ultimate-grenoble.com\/inscription\/#primaryimage"},"thumbnailUrl":"https:\/\/www.ultimate-grenoble.com\/wp-content\/uploads\/2024\/10\/Dupre_la_Tour_Quentin_C_11-1024x682.jpg","datePublished":"2011-09-06T17:52:51+00:00","dateModified":"2025-09-17T14:00:18+00:00","description":"Comment entrer en contact avec l'association Monkey, tout savoir sur les modalit\u00e9s d'inscription pour participer, nous trouver sur les r\u00e9seaux sociaux","breadcrumb":{"@id":"https:\/\/www.ultimate-grenoble.com\/inscription\/#breadcrumb"},"inLanguage":"en-US","potentialAction":[{"@type":"ReadAction","target":["https:\/\/www.ultimate-grenoble.com\/inscription\/"]}]},{"@type":"ImageObject","inLanguage":"en-US","@id":"https:\/\/www.ultimate-grenoble.com\/inscription\/#primaryimage","url":"https:\/\/www.ultimate-grenoble.com\/wp-content\/uploads\/2024\/10\/Dupre_la_Tour_Quentin_C_11-1024x682.jpg","contentUrl":"https:\/\/www.ultimate-grenoble.com\/wp-content\/uploads\/2024\/10\/Dupre_la_Tour_Quentin_C_11-1024x682.jpg"},{"@type":"BreadcrumbList","@id":"https:\/\/www.ultimate-grenoble.com\/inscription\/#breadcrumb","itemListElement":[{"@type":"ListItem","position":1,"name":"Accueil","item":"https:\/\/www.ultimate-grenoble.com\/"},{"@type":"ListItem","position":2,"name":"Inscription"}]},{"@type":"WebSite","@id":"https:\/\/www.ultimate-grenoble.com\/#website","url":"https:\/\/www.ultimate-grenoble.com\/","name":"MONKEY Grenoble","description":"Ultimate &amp; Disc Golf","publisher":{"@id":"https:\/\/www.ultimate-grenoble.com\/#organization"},"potentialAction":[{"@type":"SearchAction","target":{"@type":"EntryPoint","urlTemplate":"https:\/\/www.ultimate-grenoble.com\/?s={search_term_string}"},"query-input":{"@type":"PropertyValueSpecification","valueRequired":true,"valueName":"search_term_string"}}],"inLanguage":"en-US"},{"@type":"Organization","@id":"https:\/\/www.ultimate-grenoble.com\/#organization","name":"Les Monkey - Ultimate Grenoble","url":"https:\/\/www.ultimate-grenoble.com\/","logo":{"@type":"ImageObject","inLanguage":"en-US","@id":"https:\/\/www.ultimate-grenoble.com\/#\/schema\/logo\/image\/","url":"https:\/\/www.ultimate-grenoble.com\/wp-content\/uploads\/2018\/05\/favicon_logorond.jpg","contentUrl":"https:\/\/www.ultimate-grenoble.com\/wp-content\/uploads\/2018\/05\/favicon_logorond.jpg","width":2646,"height":2646,"caption":"Les Monkey - Ultimate Grenoble"},"image":{"@id":"https:\/\/www.ultimate-grenoble.com\/#\/schema\/logo\/image\/"},"sameAs":["https:\/\/www.facebook.com\/monkeygrenobleultimate","https:\/\/x.com\/MonkeyGrenoble","https:\/\/www.instagram.com\/monkey_grenoble\/"]}]}},"uagb_featured_image_src":{"full":false,"thumbnail":false,"medium":false,"medium_large":false,"large":false,"1536x1536":false,"2048x2048":false,"trp-custom-language-flag":false},"uagb_author_info":{"display_name":"Les Monkey","author_link":"https:\/\/www.ultimate-grenoble.com\/en\/author\/admin\/"},"uagb_comment_info":0,"uagb_excerpt":"MONKEY grenoble REjoindre un club dynamique, inclusif et performant Les inscriptions pour la saison 2025 &#8211; 2026 ouvriront en Ao\u00fbt.","_links":{"self":[{"href":"https:\/\/www.ultimate-grenoble.com\/en\/wp-json\/wp\/v2\/pages\/16","targetHints":{"allow":["GET"]}}],"collection":[{"href":"https:\/\/www.ultimate-grenoble.com\/en\/wp-json\/wp\/v2\/pages"}],"about":[{"href":"https:\/\/www.ultimate-grenoble.com\/en\/wp-json\/wp\/v2\/types\/page"}],"author":[{"embeddable":true,"href":"https:\/\/www.ultimate-grenoble.com\/en\/wp-json\/wp\/v2\/users\/1"}],"replies":[{"embeddable":true,"href":"https:\/\/www.ultimate-grenoble.com\/en\/wp-json\/wp\/v2\/comments?post=16"}],"version-history":[{"count":13,"href":"https:\/\/www.ultimate-grenoble.com\/en\/wp-json\/wp\/v2\/pages\/16\/revisions"}],"predecessor-version":[{"id":16776,"href":"https:\/\/www.ultimate-grenoble.com\/en\/wp-json\/wp\/v2\/pages\/16\/revisions\/16776"}],"wp:attachment":[{"href":"https:\/\/www.ultimate-grenoble.com\/en\/wp-json\/wp\/v2\/media?parent=16"}],"curies":[{"name":"wp","href":"https:\/\/api.w.org\/{rel}","templated":true}]}}