{"id":14466,"date":"2023-11-12T14:15:37","date_gmt":"2023-11-12T13:15:37","guid":{"rendered":"https:\/\/www.ultimate-grenoble.com\/?page_id=14466"},"modified":"2023-11-12T16:19:01","modified_gmt":"2023-11-12T15:19:01","slug":"evenements","status":"publish","type":"page","link":"https:\/\/www.ultimate-grenoble.com\/en\/evenements\/","title":{"rendered":"Events"},"content":{"rendered":"<div class=\"wp-block-cover alignfull\"><span aria-hidden=\"true\" class=\"wp-block-cover__background has-background-dim\"><\/span><img loading=\"lazy\" decoding=\"async\" width=\"1366\" height=\"913\" class=\"wp-block-cover__image-background wp-image-14245\" alt=\"\" src=\"https:\/\/www.ultimate-grenoble.com\/wp-content\/uploads\/2023\/09\/P1040675.jpg\" data-object-fit=\"cover\" srcset=\"https:\/\/www.ultimate-grenoble.com\/wp-content\/uploads\/2023\/09\/P1040675.jpg 1366w, https:\/\/www.ultimate-grenoble.com\/wp-content\/uploads\/2023\/09\/P1040675-300x201.jpg 300w, https:\/\/www.ultimate-grenoble.com\/wp-content\/uploads\/2023\/09\/P1040675-1024x684.jpg 1024w, https:\/\/www.ultimate-grenoble.com\/wp-content\/uploads\/2023\/09\/P1040675-768x513.jpg 768w\" sizes=\"auto, (max-width: 1366px) 100vw, 1366px\" \/><div class=\"wp-block-cover__inner-container is-layout-flow wp-block-cover-is-layout-flow\">\n<h1 class=\"wp-block-heading has-text-align-center\">\u00e9v\u00e8nements<\/h1>\n<\/div><\/div>\n\n\n\n<div class=\"wp-block-uagb-container uagb-block-fd244f95 alignfull uagb-is-root-container\"><div class=\"uagb-container-inner-blocks-wrap\">\n<div class=\"wp-block-uagb-container uagb-block-4d359f55\">\n<div class=\"wp-block-uagb-info-box uagb-block-975eb607 uagb-infobox__content-wrap  uagb-infobox-icon-above-title uagb-infobox-image-valign-top\"><div class=\"uagb-ifb-content\"><div class=\"uagb-ifb-image-content\"><img decoding=\"async\" src=\"https:\/\/www.ultimate-grenoble.com\/wp-content\/uploads\/2023\/11\/affiche_phase1_indoor_n2b1-thumbnail.jpg\" alt=\"\" width=\"842\" height=\"563\" loading=\"lazy\"\/><\/div><div class=\"uagb-ifb-title-wrap\"><h5 class=\"uagb-ifb-title\">Championnat Indoor Open 2023 &#8211; N2B <\/h5><\/div><p class=\"uagb-ifb-desc\">Les Monkey organisent \u00e0 domicile leur premi\u00e8re phase de championnat Indoor Open National 2B, le <strong><mark style=\"background-color:rgba(0, 0, 0, 0)\" class=\"has-inline-color has-ast-global-color-0-color\">09-10 d\u00e9cembre 2023<\/mark><\/strong>. Deux de nos \u00e9quipes y participeront. Venez les supporter au <strong><mark style=\"background-color:rgba(0, 0, 0, 0)\" class=\"has-inline-color has-ast-global-color-0-color\">gymnase Reyni\u00e8s Bayard <\/mark><\/strong>(entr\u00e9e libre et gratuite)<\/p><div class=\"uagb-ifb-button-wrapper wp-block-button\"><a href=\"\/en\/championnat-de-france-indoor-open-2023-national-2b-phase-aller-poule-b1\/\" class=\"uagb-infobox-cta-link wp-block-button__link\" target=\"_self\" rel=\"noopener noreferrer\" onclick=\"return true;\" alt=\"\"><span class=\"uagb-inline-editing\">Championnat indoor N2B<\/span><\/a><\/div><\/div><\/div>\n<\/div>\n\n\n\n<div class=\"wp-block-uagb-container uagb-block-82af8f0f\">\n<div class=\"wp-block-uagb-info-box uagb-block-bf87f019 uagb-infobox__content-wrap  uagb-infobox-icon-above-title uagb-infobox-image-valign-top\"><div class=\"uagb-ifb-content\"><div class=\"uagb-ifb-image-content\"><img decoding=\"async\" src=\"https:\/\/www.ultimate-grenoble.com\/wp-content\/uploads\/2023\/11\/affiche_stage_perfectionnement_thumb-1.jpg\" alt=\"\" width=\"815\" height=\"543\" loading=\"lazy\"\/><\/div><div class=\"uagb-ifb-title-wrap\"><h5 class=\"uagb-ifb-title\">Stage de perfectionnement<\/h5><\/div><p class=\"uagb-ifb-desc\">Le <strong><mark style=\"background-color:rgba(0, 0, 0, 0)\" class=\"has-inline-color has-ast-global-color-0-color\">16-17 mars 2024<\/mark><\/strong> : stage de perfectionnement comp\u00e9tition (r\u00e9gional \/ national) organis\u00e9 \u00e0 <strong><mark style=\"background-color:rgba(0, 0, 0, 0)\" class=\"has-inline-color has-ast-global-color-0-color\">Bourgoin-Jallieu<\/mark><\/strong>.<br>Le th\u00e8me : s&rsquo;am\u00e9liorer en handling. <\/p><div class=\"uagb-ifb-button-wrapper wp-block-button\"><a href=\"https:\/\/www.facebook.com\/events\/878335950467962\" class=\"uagb-infobox-cta-link wp-block-button__link\" target=\"_blank\" rel=\"noopener noreferrer\" onclick=\"return true;\" alt=\"\"><span class=\"uagb-inline-editing\">Plus d&rsquo;infos<\/span><\/a><\/div><\/div><\/div>\n<\/div>\n<\/div><\/div>","protected":false},"excerpt":{"rendered":"","protected":false},"author":1,"featured_media":0,"parent":0,"menu_order":0,"comment_status":"closed","ping_status":"closed","template":"","meta":{"_uag_custom_page_level_css":"","site-sidebar-layout":"default","site-content-layout":"","ast-site-content-layout":"default","site-content-style":"unboxed","site-sidebar-style":"default","ast-global-header-display":"","ast-banner-title-visibility":"","ast-main-header-display":"","ast-hfb-above-header-display":"","ast-hfb-below-header-display":"","ast-hfb-mobile-header-display":"","site-post-title":"disabled","ast-breadcrumbs-content":"","ast-featured-img":"","footer-sml-layout":"","ast-disable-related-posts":"","theme-transparent-header-meta":"enabled","adv-header-id-meta":"","stick-header-meta":"","header-above-stick-meta":"","header-main-stick-meta":"","header-below-stick-meta":"","astra-migrate-meta-layouts":"set","ast-page-background-enabled":"default","ast-page-background-meta":{"desktop":{"background-color":"","background-image":"","background-repeat":"repeat","background-position":"center center","background-size":"auto","background-attachment":"scroll","background-type":"","background-media":"","overlay-type":"","overlay-color":"","overlay-opacity":"","overlay-gradient":""},"tablet":{"background-color":"","background-image":"","background-repeat":"repeat","background-position":"center center","background-size":"auto","background-attachment":"scroll","background-type":"","background-media":"","overlay-type":"","overlay-color":"","overlay-opacity":"","overlay-gradient":""},"mobile":{"background-color":"","background-image":"","background-repeat":"repeat","background-position":"center center","background-size":"auto","background-attachment":"scroll","background-type":"","background-media":"","overlay-type":"","overlay-color":"","overlay-opacity":"","overlay-gradient":""}},"ast-content-background-meta":{"desktop":{"background-color":"var(--ast-global-color-5)","background-image":"","background-repeat":"repeat","background-position":"center center","background-size":"auto","background-attachment":"scroll","background-type":"","background-media":"","overlay-type":"","overlay-color":"","overlay-opacity":"","overlay-gradient":""},"tablet":{"background-color":"var(--ast-global-color-5)","background-image":"","background-repeat":"repeat","background-position":"center center","background-size":"auto","background-attachment":"scroll","background-type":"","background-media":"","overlay-type":"","overlay-color":"","overlay-opacity":"","overlay-gradient":""},"mobile":{"background-color":"var(--ast-global-color-5)","background-image":"","background-repeat":"repeat","background-position":"center center","background-size":"auto","background-attachment":"scroll","background-type":"","background-media":"","overlay-type":"","overlay-color":"","overlay-opacity":"","overlay-gradient":""}},"footnotes":""},"class_list":["post-14466","page","type-page","status-publish","hentry"],"yoast_head":"<!-- This site is optimized with the Yoast SEO plugin v27.1.1 - https:\/\/yoast.com\/product\/yoast-seo-wordpress\/ -->\n<title>\u00c9v\u00e8nements - Monkey Grenoble<\/title>\n<meta name=\"description\" content=\"\u00e9v\u00e8nements Championnat Indoor Open 2023 - N2B Les Monkey organisent \u00e0 domicile leur premi\u00e8re phase de championnat Indoor Open National 2B, le 09-10\" \/>\n<meta name=\"robots\" content=\"index, follow, max-snippet:-1, max-image-preview:large, max-video-preview:-1\" \/>\n<link rel=\"canonical\" href=\"https:\/\/www.ultimate-grenoble.com\/en\/evenements\/\" \/>\n<meta property=\"og:locale\" content=\"en_US\" \/>\n<meta property=\"og:type\" content=\"article\" \/>\n<meta property=\"og:title\" content=\"\u00c9v\u00e8nements - Monkey Grenoble\" \/>\n<meta property=\"og:description\" content=\"\u00e9v\u00e8nements Championnat Indoor Open 2023 - N2B Les Monkey organisent \u00e0 domicile leur premi\u00e8re phase de championnat Indoor Open National 2B, le 09-10\" \/>\n<meta property=\"og:url\" content=\"https:\/\/www.ultimate-grenoble.com\/en\/evenements\/\" \/>\n<meta property=\"og:site_name\" content=\"Monkey Grenoble\" \/>\n<meta property=\"article:publisher\" content=\"https:\/\/www.facebook.com\/monkeygrenobleultimate\" \/>\n<meta property=\"article:modified_time\" content=\"2023-11-12T15:19:01+00:00\" \/>\n<meta property=\"og:image\" content=\"https:\/\/www.ultimate-grenoble.com\/wp-content\/uploads\/2023\/09\/P1040675.jpg\" \/>\n<meta name=\"twitter:label1\" content=\"Est. reading time\" \/>\n\t<meta name=\"twitter:data1\" content=\"1 minute\" \/>\n<script type=\"application\/ld+json\" class=\"yoast-schema-graph\">{\"@context\":\"https:\/\/schema.org\",\"@graph\":[{\"@type\":\"WebPage\",\"@id\":\"https:\/\/www.ultimate-grenoble.com\/evenements\/\",\"url\":\"https:\/\/www.ultimate-grenoble.com\/evenements\/\",\"name\":\"\u00c9v\u00e8nements - Monkey Grenoble\",\"isPartOf\":{\"@id\":\"https:\/\/www.ultimate-grenoble.com\/#website\"},\"primaryImageOfPage\":{\"@id\":\"https:\/\/www.ultimate-grenoble.com\/evenements\/#primaryimage\"},\"image\":{\"@id\":\"https:\/\/www.ultimate-grenoble.com\/evenements\/#primaryimage\"},\"thumbnailUrl\":\"https:\/\/www.ultimate-grenoble.com\/wp-content\/uploads\/2023\/09\/P1040675.jpg\",\"datePublished\":\"2023-11-12T13:15:37+00:00\",\"dateModified\":\"2023-11-12T15:19:01+00:00\",\"description\":\"\u00e9v\u00e8nements Championnat Indoor Open 2023 - N2B Les Monkey organisent \u00e0 domicile leur premi\u00e8re phase de championnat Indoor Open National 2B, le 09-10\",\"breadcrumb\":{\"@id\":\"https:\/\/www.ultimate-grenoble.com\/evenements\/#breadcrumb\"},\"inLanguage\":\"en-US\",\"potentialAction\":[{\"@type\":\"ReadAction\",\"target\":[\"https:\/\/www.ultimate-grenoble.com\/evenements\/\"]}]},{\"@type\":\"ImageObject\",\"inLanguage\":\"en-US\",\"@id\":\"https:\/\/www.ultimate-grenoble.com\/evenements\/#primaryimage\",\"url\":\"https:\/\/www.ultimate-grenoble.com\/wp-content\/uploads\/2023\/09\/P1040675.jpg\",\"contentUrl\":\"https:\/\/www.ultimate-grenoble.com\/wp-content\/uploads\/2023\/09\/P1040675.jpg\"},{\"@type\":\"BreadcrumbList\",\"@id\":\"https:\/\/www.ultimate-grenoble.com\/evenements\/#breadcrumb\",\"itemListElement\":[{\"@type\":\"ListItem\",\"position\":1,\"name\":\"Accueil\",\"item\":\"https:\/\/www.ultimate-grenoble.com\/\"},{\"@type\":\"ListItem\",\"position\":2,\"name\":\"\u00c9v\u00e8nements\"}]},{\"@type\":\"WebSite\",\"@id\":\"https:\/\/www.ultimate-grenoble.com\/#website\",\"url\":\"https:\/\/www.ultimate-grenoble.com\/\",\"name\":\"MONKEY Grenoble\",\"description\":\"Ultimate &amp; Disc Golf\",\"publisher\":{\"@id\":\"https:\/\/www.ultimate-grenoble.com\/#organization\"},\"potentialAction\":[{\"@type\":\"SearchAction\",\"target\":{\"@type\":\"EntryPoint\",\"urlTemplate\":\"https:\/\/www.ultimate-grenoble.com\/?s={search_term_string}\"},\"query-input\":{\"@type\":\"PropertyValueSpecification\",\"valueRequired\":true,\"valueName\":\"search_term_string\"}}],\"inLanguage\":\"en-US\"},{\"@type\":\"Organization\",\"@id\":\"https:\/\/www.ultimate-grenoble.com\/#organization\",\"name\":\"Les Monkey - Ultimate Grenoble\",\"url\":\"https:\/\/www.ultimate-grenoble.com\/\",\"logo\":{\"@type\":\"ImageObject\",\"inLanguage\":\"en-US\",\"@id\":\"https:\/\/www.ultimate-grenoble.com\/#\/schema\/logo\/image\/\",\"url\":\"https:\/\/www.ultimate-grenoble.com\/wp-content\/uploads\/2018\/05\/favicon_logorond.jpg\",\"contentUrl\":\"https:\/\/www.ultimate-grenoble.com\/wp-content\/uploads\/2018\/05\/favicon_logorond.jpg\",\"width\":2646,\"height\":2646,\"caption\":\"Les Monkey - Ultimate Grenoble\"},\"image\":{\"@id\":\"https:\/\/www.ultimate-grenoble.com\/#\/schema\/logo\/image\/\"},\"sameAs\":[\"https:\/\/www.facebook.com\/monkeygrenobleultimate\",\"https:\/\/x.com\/MonkeyGrenoble\",\"https:\/\/www.instagram.com\/monkey_grenoble\/\"]}]}<\/script>\n<!-- \/ Yoast SEO plugin. -->","yoast_head_json":{"title":"\u00c9v\u00e8nements - Monkey Grenoble","description":"\u00e9v\u00e8nements Championnat Indoor Open 2023 - N2B Les Monkey organisent \u00e0 domicile leur premi\u00e8re phase de championnat Indoor Open National 2B, le 09-10","robots":{"index":"index","follow":"follow","max-snippet":"max-snippet:-1","max-image-preview":"max-image-preview:large","max-video-preview":"max-video-preview:-1"},"canonical":"https:\/\/www.ultimate-grenoble.com\/en\/evenements\/","og_locale":"en_US","og_type":"article","og_title":"\u00c9v\u00e8nements - Monkey Grenoble","og_description":"\u00e9v\u00e8nements Championnat Indoor Open 2023 - N2B Les Monkey organisent \u00e0 domicile leur premi\u00e8re phase de championnat Indoor Open National 2B, le 09-10","og_url":"https:\/\/www.ultimate-grenoble.com\/en\/evenements\/","og_site_name":"Monkey Grenoble","article_publisher":"https:\/\/www.facebook.com\/monkeygrenobleultimate","article_modified_time":"2023-11-12T15:19:01+00:00","og_image":[{"url":"https:\/\/www.ultimate-grenoble.com\/wp-content\/uploads\/2023\/09\/P1040675.jpg","type":"","width":"","height":""}],"twitter_misc":{"Est. reading time":"1 minute"},"schema":{"@context":"https:\/\/schema.org","@graph":[{"@type":"WebPage","@id":"https:\/\/www.ultimate-grenoble.com\/evenements\/","url":"https:\/\/www.ultimate-grenoble.com\/evenements\/","name":"\u00c9v\u00e8nements - Monkey Grenoble","isPartOf":{"@id":"https:\/\/www.ultimate-grenoble.com\/#website"},"primaryImageOfPage":{"@id":"https:\/\/www.ultimate-grenoble.com\/evenements\/#primaryimage"},"image":{"@id":"https:\/\/www.ultimate-grenoble.com\/evenements\/#primaryimage"},"thumbnailUrl":"https:\/\/www.ultimate-grenoble.com\/wp-content\/uploads\/2023\/09\/P1040675.jpg","datePublished":"2023-11-12T13:15:37+00:00","dateModified":"2023-11-12T15:19:01+00:00","description":"\u00e9v\u00e8nements Championnat Indoor Open 2023 - N2B Les Monkey organisent \u00e0 domicile leur premi\u00e8re phase de championnat Indoor Open National 2B, le 09-10","breadcrumb":{"@id":"https:\/\/www.ultimate-grenoble.com\/evenements\/#breadcrumb"},"inLanguage":"en-US","potentialAction":[{"@type":"ReadAction","target":["https:\/\/www.ultimate-grenoble.com\/evenements\/"]}]},{"@type":"ImageObject","inLanguage":"en-US","@id":"https:\/\/www.ultimate-grenoble.com\/evenements\/#primaryimage","url":"https:\/\/www.ultimate-grenoble.com\/wp-content\/uploads\/2023\/09\/P1040675.jpg","contentUrl":"https:\/\/www.ultimate-grenoble.com\/wp-content\/uploads\/2023\/09\/P1040675.jpg"},{"@type":"BreadcrumbList","@id":"https:\/\/www.ultimate-grenoble.com\/evenements\/#breadcrumb","itemListElement":[{"@type":"ListItem","position":1,"name":"Accueil","item":"https:\/\/www.ultimate-grenoble.com\/"},{"@type":"ListItem","position":2,"name":"\u00c9v\u00e8nements"}]},{"@type":"WebSite","@id":"https:\/\/www.ultimate-grenoble.com\/#website","url":"https:\/\/www.ultimate-grenoble.com\/","name":"MONKEY Grenoble","description":"Ultimate &amp; Disc Golf","publisher":{"@id":"https:\/\/www.ultimate-grenoble.com\/#organization"},"potentialAction":[{"@type":"SearchAction","target":{"@type":"EntryPoint","urlTemplate":"https:\/\/www.ultimate-grenoble.com\/?s={search_term_string}"},"query-input":{"@type":"PropertyValueSpecification","valueRequired":true,"valueName":"search_term_string"}}],"inLanguage":"en-US"},{"@type":"Organization","@id":"https:\/\/www.ultimate-grenoble.com\/#organization","name":"Les Monkey - Ultimate Grenoble","url":"https:\/\/www.ultimate-grenoble.com\/","logo":{"@type":"ImageObject","inLanguage":"en-US","@id":"https:\/\/www.ultimate-grenoble.com\/#\/schema\/logo\/image\/","url":"https:\/\/www.ultimate-grenoble.com\/wp-content\/uploads\/2018\/05\/favicon_logorond.jpg","contentUrl":"https:\/\/www.ultimate-grenoble.com\/wp-content\/uploads\/2018\/05\/favicon_logorond.jpg","width":2646,"height":2646,"caption":"Les Monkey - Ultimate Grenoble"},"image":{"@id":"https:\/\/www.ultimate-grenoble.com\/#\/schema\/logo\/image\/"},"sameAs":["https:\/\/www.facebook.com\/monkeygrenobleultimate","https:\/\/x.com\/MonkeyGrenoble","https:\/\/www.instagram.com\/monkey_grenoble\/"]}]}},"uagb_featured_image_src":{"full":false,"thumbnail":false,"medium":false,"medium_large":false,"large":false,"1536x1536":false,"2048x2048":false,"trp-custom-language-flag":false},"uagb_author_info":{"display_name":"Les Monkey","author_link":"https:\/\/www.ultimate-grenoble.com\/en\/author\/admin\/"},"uagb_comment_info":0,"uagb_excerpt":null,"_links":{"self":[{"href":"https:\/\/www.ultimate-grenoble.com\/en\/wp-json\/wp\/v2\/pages\/14466","targetHints":{"allow":["GET"]}}],"collection":[{"href":"https:\/\/www.ultimate-grenoble.com\/en\/wp-json\/wp\/v2\/pages"}],"about":[{"href":"https:\/\/www.ultimate-grenoble.com\/en\/wp-json\/wp\/v2\/types\/page"}],"author":[{"embeddable":true,"href":"https:\/\/www.ultimate-grenoble.com\/en\/wp-json\/wp\/v2\/users\/1"}],"replies":[{"embeddable":true,"href":"https:\/\/www.ultimate-grenoble.com\/en\/wp-json\/wp\/v2\/comments?post=14466"}],"version-history":[{"count":3,"href":"https:\/\/www.ultimate-grenoble.com\/en\/wp-json\/wp\/v2\/pages\/14466\/revisions"}],"predecessor-version":[{"id":14483,"href":"https:\/\/www.ultimate-grenoble.com\/en\/wp-json\/wp\/v2\/pages\/14466\/revisions\/14483"}],"wp:attachment":[{"href":"https:\/\/www.ultimate-grenoble.com\/en\/wp-json\/wp\/v2\/media?parent=14466"}],"curies":[{"name":"wp","href":"https:\/\/api.w.org\/{rel}","templated":true}]}}