{"id":14076,"date":"2023-09-01T22:35:46","date_gmt":"2023-09-01T20:35:46","guid":{"rendered":"https:\/\/www.ultimate-grenoble.com\/?page_id=14076"},"modified":"2024-11-13T18:02:44","modified_gmt":"2024-11-13T17:02:44","slug":"contact","status":"publish","type":"page","link":"https:\/\/www.ultimate-grenoble.com\/en\/contact\/","title":{"rendered":"Nous contacter"},"content":{"rendered":"\n<div class=\"wp-block-cover alignfull has-ast-global-color-0-color has-text-color has-medium-font-size\" style=\"min-height:750px;aspect-ratio:unset;\"><span aria-hidden=\"true\" class=\"wp-block-cover__background has-black-background-color has-background-dim-70 has-background-dim\"><\/span><img loading=\"lazy\" decoding=\"async\" width=\"2048\" height=\"1365\" class=\"wp-block-cover__image-background wp-image-12927\" alt=\"\" src=\"https:\/\/www.ultimate-grenoble.com\/wp-content\/uploads\/2023\/07\/344754441_1426260844800082_6414112653995682984_n.jpg\" data-object-fit=\"cover\" srcset=\"https:\/\/www.ultimate-grenoble.com\/wp-content\/uploads\/2023\/07\/344754441_1426260844800082_6414112653995682984_n.jpg 2048w, https:\/\/www.ultimate-grenoble.com\/wp-content\/uploads\/2023\/07\/344754441_1426260844800082_6414112653995682984_n-300x200.jpg 300w, https:\/\/www.ultimate-grenoble.com\/wp-content\/uploads\/2023\/07\/344754441_1426260844800082_6414112653995682984_n-1024x683.jpg 1024w, https:\/\/www.ultimate-grenoble.com\/wp-content\/uploads\/2023\/07\/344754441_1426260844800082_6414112653995682984_n-768x512.jpg 768w, https:\/\/www.ultimate-grenoble.com\/wp-content\/uploads\/2023\/07\/344754441_1426260844800082_6414112653995682984_n-1536x1024.jpg 1536w\" sizes=\"auto, (max-width: 2048px) 100vw, 2048px\" \/><div class=\"wp-block-cover__inner-container is-layout-flow wp-block-cover-is-layout-flow\">\n<div class=\"wp-block-uagb-advanced-heading uagb-block-864d49d7\"><h1 class=\"uagb-heading-text\">CONTACT<\/h1><\/div>\n<\/div><\/div>\n\n\n\n<div class=\"wp-block-uagb-container uagb-block-22d03464 alignfull uagb-is-root-container\"><div class=\"uagb-container-inner-blocks-wrap\">\n<div class=\"wp-block-uagb-container uagb-block-eed8268b\">\n<div class=\"wp-block-uagb-info-box uagb-block-7bbc72f4 uagb-infobox__content-wrap  uagb-infobox-icon-above-title uagb-infobox-image-valign-top\"><div class=\"uagb-ifb-content\"><div class=\"uagb-ifb-title-wrap\"><span class=\"uagb-ifb-title-prefix\">MONKEY GRENOBLE<\/span><h3 class=\"uagb-ifb-title\">ECRIVEZ NOUS<\/h3><\/div><p class=\"uagb-ifb-desc\">Vous avez des questions concernant le club, les entrainements, ou tout simplement l&rsquo;ultimate ou le dic golf a Grenoble ? N&rsquo;h\u00e9sitez pas \u00e0 nous contacter \u00e0 l&rsquo;aide du formulaire ci-dessous, ou directement par mail!<\/p><\/div><\/div>\n\n\n<style id=\"wpforms-css-vars-14052-block-973193b1-01a3-4c28-ad46-ab47ee74094c\">\n\t\t\t\t#wpforms-14052.wpforms-block-973193b1-01a3-4c28-ad46-ab47ee74094c {\n\t\t\t\t--wpforms-button-background-color: var(--ast-global-color-0);\n--wpforms-field-size-input-height: 43px;\n--wpforms-field-size-input-spacing: 15px;\n--wpforms-field-size-font-size: 16px;\n--wpforms-field-size-line-height: 19px;\n--wpforms-field-size-padding-h: 14px;\n--wpforms-field-size-checkbox-size: 16px;\n--wpforms-field-size-sublabel-spacing: 5px;\n--wpforms-field-size-icon-size: 1;\n--wpforms-label-size-font-size: 16px;\n--wpforms-label-size-line-height: 19px;\n--wpforms-label-size-sublabel-font-size: 14px;\n--wpforms-label-size-sublabel-line-height: 17px;\n--wpforms-button-size-font-size: 17px;\n--wpforms-button-size-height: 41px;\n--wpforms-button-size-padding-h: 15px;\n--wpforms-button-size-margin-top: 10px;\n\t\t\t}\n\t\t\t<\/style><div class=\"wpforms-container wpforms-container-full wpforms-block wpforms-block-973193b1-01a3-4c28-ad46-ab47ee74094c wpforms-render-modern\" id=\"wpforms-14052\"><form id=\"wpforms-form-14052\" class=\"wpforms-validate wpforms-form wpforms-ajax-form\" data-formid=\"14052\" method=\"post\" enctype=\"multipart\/form-data\" action=\"\/en\/wp-json\/wp\/v2\/pages\/14076\" data-token=\"3408e3324fa8f0d8af3fc9dccf103dd5\" data-token-time=\"1776782599\"><noscript class=\"wpforms-error-noscript\">Please enable JavaScript in your browser to complete this form.<\/noscript><div id=\"wpforms-error-noscript\" style=\"display: none;\">Please enable JavaScript in your browser to complete this form.<\/div><div class=\"wpforms-field-container\"><div id=\"wpforms-14052-field_0-container\" class=\"wpforms-field wpforms-field-name\" data-field-id=\"0\"><fieldset><legend class=\"wpforms-field-label\">Nom <span class=\"wpforms-required-label\" aria-hidden=\"true\">*<\/span><\/legend><div class=\"wpforms-field-row wpforms-field-large\"><div class=\"wpforms-field-row-block wpforms-first wpforms-one-half\"><input type=\"text\" id=\"wpforms-14052-field_0\" class=\"wpforms-field-name-first wpforms-field-required\" name=\"wpforms[fields][0][first]\" aria-errormessage=\"wpforms-14052-field_0-error\" required><label for=\"wpforms-14052-field_0\" class=\"wpforms-field-sublabel after\">First<\/label><\/div><div class=\"wpforms-field-row-block wpforms-one-half\"><input type=\"text\" id=\"wpforms-14052-field_0-last\" class=\"wpforms-field-name-last wpforms-field-required\" name=\"wpforms[fields][0][last]\" aria-errormessage=\"wpforms-14052-field_0-last-error\" required><label for=\"wpforms-14052-field_0-last\" class=\"wpforms-field-sublabel after\">Last<\/label><\/div><\/div><\/fieldset><\/div><div id=\"wpforms-14052-field_1-container\" class=\"wpforms-field wpforms-field-email\" data-field-id=\"1\"><label class=\"wpforms-field-label\" for=\"wpforms-14052-field_1\">E-mail <span class=\"wpforms-required-label\" aria-hidden=\"true\">*<\/span><\/label><input type=\"email\" id=\"wpforms-14052-field_1\" class=\"wpforms-field-large wpforms-field-required\" name=\"wpforms[fields][1]\" spellcheck=\"false\" aria-errormessage=\"wpforms-14052-field_1-error\" required><\/div><div id=\"wpforms-14052-field_2-container\" class=\"wpforms-field wpforms-field-textarea\" data-field-id=\"2\"><label class=\"wpforms-field-label\" for=\"wpforms-14052-field_2\">Commentaire ou message<\/label><textarea id=\"wpforms-14052-field_2\" class=\"wpforms-field-medium\" name=\"wpforms[fields][2]\" aria-errormessage=\"wpforms-14052-field_2-error\" ><\/textarea><\/div><\/div><!-- .wpforms-field-container --><div class=\"wpforms-recaptcha-container wpforms-is-recaptcha wpforms-is-recaptcha-type-v3\" ><input type=\"hidden\" name=\"wpforms[recaptcha]\" value=\"\"><\/div><div class=\"wpforms-submit-container\" ><input type=\"hidden\" name=\"wpforms[id]\" value=\"14052\"><input type=\"hidden\" name=\"page_title\" value=\"\"><input type=\"hidden\" name=\"page_url\" value=\"https:\/\/www.ultimate-grenoble.com\/en\/wp-json\/wp\/v2\/pages\/14076\"><input type=\"hidden\" name=\"url_referer\" value=\"\"><button type=\"submit\" name=\"wpforms[submit]\" id=\"wpforms-submit-14052\" class=\"wpforms-submit\" data-alt-text=\"Envoi...\" data-submit-text=\"Envoyer\" aria-live=\"assertive\" value=\"wpforms-submit\">Envoyer<\/button><img loading=\"lazy\" decoding=\"async\" src=\"https:\/\/www.ultimate-grenoble.com\/wp-content\/plugins\/wpforms-lite\/assets\/images\/submit-spin.svg\" class=\"wpforms-submit-spinner\" style=\"display: none;\" width=\"26\" height=\"26\" alt=\"Loading\"><\/div><\/form><\/div>  <!-- .wpforms-container -->\n\n\n<div class=\"wp-block-uagb-container uagb-block-929b38c3\">\n<div class=\"wp-block-uagb-container uagb-block-3a5afb45\">\n<ul class=\"wp-block-social-links has-visible-labels has-icon-color is-style-logos-only is-horizontal is-content-justification-center is-layout-flex wp-container-core-social-links-is-layout-ecd33c62 wp-block-social-links-is-layout-flex\"><li style=\"color:var(--ast-global-color-0);\" class=\"wp-social-link wp-social-link-instagram has-ast-global-color-0-color wp-block-social-link\"><a rel=\"noopener nofollow\" target=\"_blank\" href=\"https:\/\/www.instagram.com\/monkey_grenoble\/\" class=\"wp-block-social-link-anchor\"><svg width=\"24\" height=\"24\" viewBox=\"0 0 24 24\" version=\"1.1\" xmlns=\"http:\/\/www.w3.org\/2000\/svg\" aria-hidden=\"true\" focusable=\"false\"><path d=\"M12,4.622c2.403,0,2.688,0.009,3.637,0.052c0.877,0.04,1.354,0.187,1.671,0.31c0.42,0.163,0.72,0.358,1.035,0.673 c0.315,0.315,0.51,0.615,0.673,1.035c0.123,0.317,0.27,0.794,0.31,1.671c0.043,0.949,0.052,1.234,0.052,3.637 s-0.009,2.688-0.052,3.637c-0.04,0.877-0.187,1.354-0.31,1.671c-0.163,0.42-0.358,0.72-0.673,1.035 c-0.315,0.315-0.615,0.51-1.035,0.673c-0.317,0.123-0.794,0.27-1.671,0.31c-0.949,0.043-1.233,0.052-3.637,0.052 s-2.688-0.009-3.637-0.052c-0.877-0.04-1.354-0.187-1.671-0.31c-0.42-0.163-0.72-0.358-1.035-0.673 c-0.315-0.315-0.51-0.615-0.673-1.035c-0.123-0.317-0.27-0.794-0.31-1.671C4.631,14.688,4.622,14.403,4.622,12 s0.009-2.688,0.052-3.637c0.04-0.877,0.187-1.354,0.31-1.671c0.163-0.42,0.358-0.72,0.673-1.035 c0.315-0.315,0.615-0.51,1.035-0.673c0.317-0.123,0.794-0.27,1.671-0.31C9.312,4.631,9.597,4.622,12,4.622 M12,3 C9.556,3,9.249,3.01,8.289,3.054C7.331,3.098,6.677,3.25,6.105,3.472C5.513,3.702,5.011,4.01,4.511,4.511 c-0.5,0.5-0.808,1.002-1.038,1.594C3.25,6.677,3.098,7.331,3.054,8.289C3.01,9.249,3,9.556,3,12c0,2.444,0.01,2.751,0.054,3.711 c0.044,0.958,0.196,1.612,0.418,2.185c0.23,0.592,0.538,1.094,1.038,1.594c0.5,0.5,1.002,0.808,1.594,1.038 c0.572,0.222,1.227,0.375,2.185,0.418C9.249,20.99,9.556,21,12,21s2.751-0.01,3.711-0.054c0.958-0.044,1.612-0.196,2.185-0.418 c0.592-0.23,1.094-0.538,1.594-1.038c0.5-0.5,0.808-1.002,1.038-1.594c0.222-0.572,0.375-1.227,0.418-2.185 C20.99,14.751,21,14.444,21,12s-0.01-2.751-0.054-3.711c-0.044-0.958-0.196-1.612-0.418-2.185c-0.23-0.592-0.538-1.094-1.038-1.594 c-0.5-0.5-1.002-0.808-1.594-1.038c-0.572-0.222-1.227-0.375-2.185-0.418C14.751,3.01,14.444,3,12,3L12,3z M12,7.378 c-2.552,0-4.622,2.069-4.622,4.622S9.448,16.622,12,16.622s4.622-2.069,4.622-4.622S14.552,7.378,12,7.378z M12,15 c-1.657,0-3-1.343-3-3s1.343-3,3-3s3,1.343,3,3S13.657,15,12,15z M16.804,6.116c-0.596,0-1.08,0.484-1.08,1.08 s0.484,1.08,1.08,1.08c0.596,0,1.08-0.484,1.08-1.08S17.401,6.116,16.804,6.116z\"><\/path><\/svg><span class=\"wp-block-social-link-label\">Instagram<\/span><\/a><\/li>\n\n<li style=\"color:var(--ast-global-color-0);\" class=\"wp-social-link wp-social-link-facebook has-ast-global-color-0-color wp-block-social-link\"><a rel=\"noopener nofollow\" target=\"_blank\" href=\"https:\/\/www.facebook.com\/monkeygrenobleultimate\" class=\"wp-block-social-link-anchor\"><svg width=\"24\" height=\"24\" viewBox=\"0 0 24 24\" version=\"1.1\" xmlns=\"http:\/\/www.w3.org\/2000\/svg\" aria-hidden=\"true\" focusable=\"false\"><path d=\"M12 2C6.5 2 2 6.5 2 12c0 5 3.7 9.1 8.4 9.9v-7H7.9V12h2.5V9.8c0-2.5 1.5-3.9 3.8-3.9 1.1 0 2.2.2 2.2.2v2.5h-1.3c-1.2 0-1.6.8-1.6 1.6V12h2.8l-.4 2.9h-2.3v7C18.3 21.1 22 17 22 12c0-5.5-4.5-10-10-10z\"><\/path><\/svg><span class=\"wp-block-social-link-label\">Facebook<\/span><\/a><\/li>\n\n<li style=\"color:var(--ast-global-color-0);\" class=\"wp-social-link wp-social-link-mail has-ast-global-color-0-color wp-block-social-link\"><a rel=\"noopener nofollow\" target=\"_blank\" href=\"mailto:mon&#107;e&#121;_g&#114;&#101;&#110;&#111;&#098;&#108;e&#064;&#121;a&#104;o&#111;&#046;fr\" class=\"wp-block-social-link-anchor\"><svg width=\"24\" height=\"24\" viewBox=\"0 0 24 24\" version=\"1.1\" xmlns=\"http:\/\/www.w3.org\/2000\/svg\" aria-hidden=\"true\" focusable=\"false\"><path d=\"M19,5H5c-1.1,0-2,.9-2,2v10c0,1.1.9,2,2,2h14c1.1,0,2-.9,2-2V7c0-1.1-.9-2-2-2zm.5,12c0,.3-.2.5-.5.5H5c-.3,0-.5-.2-.5-.5V9.8l7.5,5.6,7.5-5.6V17zm0-9.1L12,13.6,4.5,7.9V7c0-.3.2-.5.5-.5h14c.3,0,.5.2.5.5v.9z\"><\/path><\/svg><span class=\"wp-block-social-link-label\">Mail<\/span><\/a><\/li><\/ul>\n<\/div>\n<\/div>\n<\/div>\n<\/div><\/div>\n","protected":false},"excerpt":{"rendered":"","protected":false},"author":1,"featured_media":0,"parent":0,"menu_order":0,"comment_status":"closed","ping_status":"closed","template":"","meta":{"_uag_custom_page_level_css":"","site-sidebar-layout":"no-sidebar","site-content-layout":"","ast-site-content-layout":"normal-width-container","site-content-style":"unboxed","site-sidebar-style":"unboxed","ast-global-header-display":"","ast-banner-title-visibility":"","ast-main-header-display":"","ast-hfb-above-header-display":"","ast-hfb-below-header-display":"","ast-hfb-mobile-header-display":"","site-post-title":"disabled","ast-breadcrumbs-content":"","ast-featured-img":"","footer-sml-layout":"","ast-disable-related-posts":"","theme-transparent-header-meta":"enabled","adv-header-id-meta":"","stick-header-meta":"","header-above-stick-meta":"","header-main-stick-meta":"","header-below-stick-meta":"","astra-migrate-meta-layouts":"set","ast-page-background-enabled":"default","ast-page-background-meta":{"desktop":{"background-color":"","background-image":"","background-repeat":"repeat","background-position":"center center","background-size":"auto","background-attachment":"scroll","background-type":"","background-media":"","overlay-type":"","overlay-color":"","overlay-opacity":"","overlay-gradient":""},"tablet":{"background-color":"","background-image":"","background-repeat":"repeat","background-position":"center center","background-size":"auto","background-attachment":"scroll","background-type":"","background-media":"","overlay-type":"","overlay-color":"","overlay-opacity":"","overlay-gradient":""},"mobile":{"background-color":"","background-image":"","background-repeat":"repeat","background-position":"center center","background-size":"auto","background-attachment":"scroll","background-type":"","background-media":"","overlay-type":"","overlay-color":"","overlay-opacity":"","overlay-gradient":""}},"ast-content-background-meta":{"desktop":{"background-color":"var(--ast-global-color-5)","background-image":"","background-repeat":"repeat","background-position":"center center","background-size":"auto","background-attachment":"scroll","background-type":"","background-media":"","overlay-type":"","overlay-color":"","overlay-opacity":"","overlay-gradient":""},"tablet":{"background-color":"var(--ast-global-color-5)","background-image":"","background-repeat":"repeat","background-position":"center center","background-size":"auto","background-attachment":"scroll","background-type":"","background-media":"","overlay-type":"","overlay-color":"","overlay-opacity":"","overlay-gradient":""},"mobile":{"background-color":"var(--ast-global-color-5)","background-image":"","background-repeat":"repeat","background-position":"center center","background-size":"auto","background-attachment":"scroll","background-type":"","background-media":"","overlay-type":"","overlay-color":"","overlay-opacity":"","overlay-gradient":""}},"footnotes":""},"class_list":["post-14076","page","type-page","status-publish","hentry"],"yoast_head":"<!-- This site is optimized with the Yoast SEO plugin v27.1.1 - https:\/\/yoast.com\/product\/yoast-seo-wordpress\/ -->\n<title>Nous contacter - Monkey Grenoble<\/title>\n<meta name=\"description\" content=\"CONTACT MONKEY GRENOBLEECRIVEZ NOUSVous avez des questions concernant le club, les entrainements, ou tout simplement l&#039;ultimate ou le dic golf a Grenoble\" \/>\n<meta name=\"robots\" content=\"index, follow, max-snippet:-1, max-image-preview:large, max-video-preview:-1\" \/>\n<link rel=\"canonical\" href=\"https:\/\/www.ultimate-grenoble.com\/en\/contact\/\" \/>\n<meta property=\"og:locale\" content=\"en_US\" \/>\n<meta property=\"og:type\" content=\"article\" \/>\n<meta property=\"og:title\" content=\"Nous contacter - Monkey Grenoble\" \/>\n<meta property=\"og:description\" content=\"CONTACT MONKEY GRENOBLEECRIVEZ NOUSVous avez des questions concernant le club, les entrainements, ou tout simplement l&#039;ultimate ou le dic golf a Grenoble\" \/>\n<meta property=\"og:url\" content=\"https:\/\/www.ultimate-grenoble.com\/en\/contact\/\" \/>\n<meta property=\"og:site_name\" content=\"Monkey Grenoble\" \/>\n<meta property=\"article:publisher\" content=\"https:\/\/www.facebook.com\/monkeygrenobleultimate\" \/>\n<meta property=\"article:modified_time\" content=\"2024-11-13T17:02:44+00:00\" \/>\n<meta property=\"og:image\" content=\"https:\/\/www.ultimate-grenoble.com\/wp-content\/uploads\/2023\/07\/344754441_1426260844800082_6414112653995682984_n.jpg\" \/>\n<meta name=\"twitter:label1\" content=\"Est. reading time\" \/>\n\t<meta name=\"twitter:data1\" content=\"1 minute\" \/>\n<script type=\"application\/ld+json\" class=\"yoast-schema-graph\">{\"@context\":\"https:\/\/schema.org\",\"@graph\":[{\"@type\":\"WebPage\",\"@id\":\"https:\/\/www.ultimate-grenoble.com\/contact\/\",\"url\":\"https:\/\/www.ultimate-grenoble.com\/contact\/\",\"name\":\"Nous contacter - Monkey Grenoble\",\"isPartOf\":{\"@id\":\"https:\/\/www.ultimate-grenoble.com\/#website\"},\"primaryImageOfPage\":{\"@id\":\"https:\/\/www.ultimate-grenoble.com\/contact\/#primaryimage\"},\"image\":{\"@id\":\"https:\/\/www.ultimate-grenoble.com\/contact\/#primaryimage\"},\"thumbnailUrl\":\"https:\/\/www.ultimate-grenoble.com\/wp-content\/uploads\/2023\/07\/344754441_1426260844800082_6414112653995682984_n.jpg\",\"datePublished\":\"2023-09-01T20:35:46+00:00\",\"dateModified\":\"2024-11-13T17:02:44+00:00\",\"description\":\"CONTACT MONKEY GRENOBLEECRIVEZ NOUSVous avez des questions concernant le club, les entrainements, ou tout simplement l'ultimate ou le dic golf a Grenoble\",\"breadcrumb\":{\"@id\":\"https:\/\/www.ultimate-grenoble.com\/contact\/#breadcrumb\"},\"inLanguage\":\"en-US\",\"potentialAction\":[{\"@type\":\"ReadAction\",\"target\":[\"https:\/\/www.ultimate-grenoble.com\/contact\/\"]}]},{\"@type\":\"ImageObject\",\"inLanguage\":\"en-US\",\"@id\":\"https:\/\/www.ultimate-grenoble.com\/contact\/#primaryimage\",\"url\":\"https:\/\/www.ultimate-grenoble.com\/wp-content\/uploads\/2023\/07\/344754441_1426260844800082_6414112653995682984_n.jpg\",\"contentUrl\":\"https:\/\/www.ultimate-grenoble.com\/wp-content\/uploads\/2023\/07\/344754441_1426260844800082_6414112653995682984_n.jpg\"},{\"@type\":\"BreadcrumbList\",\"@id\":\"https:\/\/www.ultimate-grenoble.com\/contact\/#breadcrumb\",\"itemListElement\":[{\"@type\":\"ListItem\",\"position\":1,\"name\":\"Accueil\",\"item\":\"https:\/\/www.ultimate-grenoble.com\/\"},{\"@type\":\"ListItem\",\"position\":2,\"name\":\"Nous contacter\"}]},{\"@type\":\"WebSite\",\"@id\":\"https:\/\/www.ultimate-grenoble.com\/#website\",\"url\":\"https:\/\/www.ultimate-grenoble.com\/\",\"name\":\"MONKEY Grenoble\",\"description\":\"Ultimate &amp; Disc Golf\",\"publisher\":{\"@id\":\"https:\/\/www.ultimate-grenoble.com\/#organization\"},\"potentialAction\":[{\"@type\":\"SearchAction\",\"target\":{\"@type\":\"EntryPoint\",\"urlTemplate\":\"https:\/\/www.ultimate-grenoble.com\/?s={search_term_string}\"},\"query-input\":{\"@type\":\"PropertyValueSpecification\",\"valueRequired\":true,\"valueName\":\"search_term_string\"}}],\"inLanguage\":\"en-US\"},{\"@type\":\"Organization\",\"@id\":\"https:\/\/www.ultimate-grenoble.com\/#organization\",\"name\":\"Les Monkey - Ultimate Grenoble\",\"url\":\"https:\/\/www.ultimate-grenoble.com\/\",\"logo\":{\"@type\":\"ImageObject\",\"inLanguage\":\"en-US\",\"@id\":\"https:\/\/www.ultimate-grenoble.com\/#\/schema\/logo\/image\/\",\"url\":\"https:\/\/www.ultimate-grenoble.com\/wp-content\/uploads\/2018\/05\/favicon_logorond.jpg\",\"contentUrl\":\"https:\/\/www.ultimate-grenoble.com\/wp-content\/uploads\/2018\/05\/favicon_logorond.jpg\",\"width\":2646,\"height\":2646,\"caption\":\"Les Monkey - Ultimate Grenoble\"},\"image\":{\"@id\":\"https:\/\/www.ultimate-grenoble.com\/#\/schema\/logo\/image\/\"},\"sameAs\":[\"https:\/\/www.facebook.com\/monkeygrenobleultimate\",\"https:\/\/x.com\/MonkeyGrenoble\",\"https:\/\/www.instagram.com\/monkey_grenoble\/\"]}]}<\/script>\n<!-- \/ Yoast SEO plugin. -->","yoast_head_json":{"title":"Nous contacter - Monkey Grenoble","description":"CONTACT MONKEY GRENOBLEECRIVEZ NOUSVous avez des questions concernant le club, les entrainements, ou tout simplement l'ultimate ou le dic golf a Grenoble","robots":{"index":"index","follow":"follow","max-snippet":"max-snippet:-1","max-image-preview":"max-image-preview:large","max-video-preview":"max-video-preview:-1"},"canonical":"https:\/\/www.ultimate-grenoble.com\/en\/contact\/","og_locale":"en_US","og_type":"article","og_title":"Nous contacter - Monkey Grenoble","og_description":"CONTACT MONKEY GRENOBLEECRIVEZ NOUSVous avez des questions concernant le club, les entrainements, ou tout simplement l'ultimate ou le dic golf a Grenoble","og_url":"https:\/\/www.ultimate-grenoble.com\/en\/contact\/","og_site_name":"Monkey Grenoble","article_publisher":"https:\/\/www.facebook.com\/monkeygrenobleultimate","article_modified_time":"2024-11-13T17:02:44+00:00","og_image":[{"url":"https:\/\/www.ultimate-grenoble.com\/wp-content\/uploads\/2023\/07\/344754441_1426260844800082_6414112653995682984_n.jpg","type":"","width":"","height":""}],"twitter_misc":{"Est. reading time":"1 minute"},"schema":{"@context":"https:\/\/schema.org","@graph":[{"@type":"WebPage","@id":"https:\/\/www.ultimate-grenoble.com\/contact\/","url":"https:\/\/www.ultimate-grenoble.com\/contact\/","name":"Nous contacter - Monkey Grenoble","isPartOf":{"@id":"https:\/\/www.ultimate-grenoble.com\/#website"},"primaryImageOfPage":{"@id":"https:\/\/www.ultimate-grenoble.com\/contact\/#primaryimage"},"image":{"@id":"https:\/\/www.ultimate-grenoble.com\/contact\/#primaryimage"},"thumbnailUrl":"https:\/\/www.ultimate-grenoble.com\/wp-content\/uploads\/2023\/07\/344754441_1426260844800082_6414112653995682984_n.jpg","datePublished":"2023-09-01T20:35:46+00:00","dateModified":"2024-11-13T17:02:44+00:00","description":"CONTACT MONKEY GRENOBLEECRIVEZ NOUSVous avez des questions concernant le club, les entrainements, ou tout simplement l'ultimate ou le dic golf a Grenoble","breadcrumb":{"@id":"https:\/\/www.ultimate-grenoble.com\/contact\/#breadcrumb"},"inLanguage":"en-US","potentialAction":[{"@type":"ReadAction","target":["https:\/\/www.ultimate-grenoble.com\/contact\/"]}]},{"@type":"ImageObject","inLanguage":"en-US","@id":"https:\/\/www.ultimate-grenoble.com\/contact\/#primaryimage","url":"https:\/\/www.ultimate-grenoble.com\/wp-content\/uploads\/2023\/07\/344754441_1426260844800082_6414112653995682984_n.jpg","contentUrl":"https:\/\/www.ultimate-grenoble.com\/wp-content\/uploads\/2023\/07\/344754441_1426260844800082_6414112653995682984_n.jpg"},{"@type":"BreadcrumbList","@id":"https:\/\/www.ultimate-grenoble.com\/contact\/#breadcrumb","itemListElement":[{"@type":"ListItem","position":1,"name":"Accueil","item":"https:\/\/www.ultimate-grenoble.com\/"},{"@type":"ListItem","position":2,"name":"Nous contacter"}]},{"@type":"WebSite","@id":"https:\/\/www.ultimate-grenoble.com\/#website","url":"https:\/\/www.ultimate-grenoble.com\/","name":"MONKEY Grenoble","description":"Ultimate &amp; Disc Golf","publisher":{"@id":"https:\/\/www.ultimate-grenoble.com\/#organization"},"potentialAction":[{"@type":"SearchAction","target":{"@type":"EntryPoint","urlTemplate":"https:\/\/www.ultimate-grenoble.com\/?s={search_term_string}"},"query-input":{"@type":"PropertyValueSpecification","valueRequired":true,"valueName":"search_term_string"}}],"inLanguage":"en-US"},{"@type":"Organization","@id":"https:\/\/www.ultimate-grenoble.com\/#organization","name":"Les Monkey - Ultimate Grenoble","url":"https:\/\/www.ultimate-grenoble.com\/","logo":{"@type":"ImageObject","inLanguage":"en-US","@id":"https:\/\/www.ultimate-grenoble.com\/#\/schema\/logo\/image\/","url":"https:\/\/www.ultimate-grenoble.com\/wp-content\/uploads\/2018\/05\/favicon_logorond.jpg","contentUrl":"https:\/\/www.ultimate-grenoble.com\/wp-content\/uploads\/2018\/05\/favicon_logorond.jpg","width":2646,"height":2646,"caption":"Les Monkey - Ultimate Grenoble"},"image":{"@id":"https:\/\/www.ultimate-grenoble.com\/#\/schema\/logo\/image\/"},"sameAs":["https:\/\/www.facebook.com\/monkeygrenobleultimate","https:\/\/x.com\/MonkeyGrenoble","https:\/\/www.instagram.com\/monkey_grenoble\/"]}]}},"uagb_featured_image_src":{"full":false,"thumbnail":false,"medium":false,"medium_large":false,"large":false,"1536x1536":false,"2048x2048":false,"trp-custom-language-flag":false},"uagb_author_info":{"display_name":"Les Monkey","author_link":"https:\/\/www.ultimate-grenoble.com\/en\/author\/admin\/"},"uagb_comment_info":0,"uagb_excerpt":null,"_links":{"self":[{"href":"https:\/\/www.ultimate-grenoble.com\/en\/wp-json\/wp\/v2\/pages\/14076","targetHints":{"allow":["GET"]}}],"collection":[{"href":"https:\/\/www.ultimate-grenoble.com\/en\/wp-json\/wp\/v2\/pages"}],"about":[{"href":"https:\/\/www.ultimate-grenoble.com\/en\/wp-json\/wp\/v2\/types\/page"}],"author":[{"embeddable":true,"href":"https:\/\/www.ultimate-grenoble.com\/en\/wp-json\/wp\/v2\/users\/1"}],"replies":[{"embeddable":true,"href":"https:\/\/www.ultimate-grenoble.com\/en\/wp-json\/wp\/v2\/comments?post=14076"}],"version-history":[{"count":7,"href":"https:\/\/www.ultimate-grenoble.com\/en\/wp-json\/wp\/v2\/pages\/14076\/revisions"}],"predecessor-version":[{"id":16180,"href":"https:\/\/www.ultimate-grenoble.com\/en\/wp-json\/wp\/v2\/pages\/14076\/revisions\/16180"}],"wp:attachment":[{"href":"https:\/\/www.ultimate-grenoble.com\/en\/wp-json\/wp\/v2\/media?parent=14076"}],"curies":[{"name":"wp","href":"https:\/\/api.w.org\/{rel}","templated":true}]}}