{"id":13996,"date":"2023-09-01T19:58:43","date_gmt":"2023-09-01T17:58:43","guid":{"rendered":"https:\/\/www.ultimate-grenoble.com\/?page_id=13996"},"modified":"2026-04-21T12:45:08","modified_gmt":"2026-04-21T10:45:08","slug":"monkey-grenoble","status":"publish","type":"page","link":"https:\/\/www.ultimate-grenoble.com\/en\/","title":{"rendered":"Home"},"content":{"rendered":"<div class=\"wp-block-cover alignfull is-position-center-center\" style=\"min-height:750px;aspect-ratio:unset;\"><img loading=\"lazy\" decoding=\"async\" width=\"2048\" height=\"1365\" class=\"wp-block-cover__image-background wp-image-12926\" alt=\"\" src=\"https:\/\/www.ultimate-grenoble.com\/wp-content\/uploads\/2023\/07\/344535384_607221707982213_218591884419125629_n.jpg\" data-object-fit=\"cover\" srcset=\"https:\/\/www.ultimate-grenoble.com\/wp-content\/uploads\/2023\/07\/344535384_607221707982213_218591884419125629_n.jpg 2048w, https:\/\/www.ultimate-grenoble.com\/wp-content\/uploads\/2023\/07\/344535384_607221707982213_218591884419125629_n-300x200.jpg 300w, https:\/\/www.ultimate-grenoble.com\/wp-content\/uploads\/2023\/07\/344535384_607221707982213_218591884419125629_n-1024x683.jpg 1024w, https:\/\/www.ultimate-grenoble.com\/wp-content\/uploads\/2023\/07\/344535384_607221707982213_218591884419125629_n-768x512.jpg 768w, https:\/\/www.ultimate-grenoble.com\/wp-content\/uploads\/2023\/07\/344535384_607221707982213_218591884419125629_n-1536x1024.jpg 1536w\" sizes=\"auto, (max-width: 2048px) 100vw, 2048px\" \/><span aria-hidden=\"true\" class=\"wp-block-cover__background has-black-background-color has-background-dim-70 has-background-dim\"><\/span><div class=\"wp-block-cover__inner-container is-layout-flow wp-block-cover-is-layout-flow\">\n<h4 class=\"wp-block-heading has-text-align-center has-text-color\" style=\"color:#d7d7d7\">Ultimate Frisbee &amp; Disc Golf<\/h4>\n\n\n\n<div class=\"wp-block-uagb-separator uagb-block-c39a15cd\"><div class=\"uagb-separator-spacing-wrapper\"><div class=\"wp-block-uagb-separator__inner\" style=\"--my-background-image:\"><\/div><\/div><\/div>\n\n\n\n<h1 class=\"wp-block-heading has-text-align-center has-text-color\" style=\"color:#ffffff\">MONKEY GRENOBLE<\/h1>\n<\/div><\/div>\n\n\n\n<div class=\"wp-block-uagb-container uagb-block-f5a50ca9 alignfull uagb-is-root-container\"><div class=\"uagb-container-inner-blocks-wrap\">\n<div class=\"wp-block-uagb-container uagb-block-07c13232\">\n<div class=\"wp-block-uagb-image aligncenter uagb-block-3ce822c8 wp-block-uagb-image--layout-default wp-block-uagb-image--effect-static wp-block-uagb-image--align-center\"><figure class=\"wp-block-uagb-image__figure\"><img decoding=\"async\" srcset=\"https:\/\/www.ultimate-grenoble.com\/wp-content\/uploads\/2023\/06\/Logo.png \" sizes=\"auto, (max-width: 480px) 150px\" src=\"https:\/\/www.ultimate-grenoble.com\/wp-content\/uploads\/2023\/06\/Logo.png\" alt=\"\" class=\"uag-image-12470\" width=\"262\" height=\"262\" title=\"\" loading=\"lazy\" role=\"img\"\/><\/figure><\/div>\n<\/div>\n<\/div><\/div>\n\n\n\n<div class=\"wp-block-uagb-container uagb-block-53027a4e alignfull uagb-is-root-container\"><div class=\"uagb-container-inner-blocks-wrap\">\n<div class=\"wp-block-uagb-info-box uagb-block-1dd0662f uagb-infobox__content-wrap  uagb-infobox-icon-above-title uagb-infobox-image-valign-top\"><div class=\"uagb-ifb-content\"><div class=\"uagb-ifb-title-wrap\"><h3 class=\"uagb-ifb-title\">Ultimate Frisbee &amp; Disc Golf<\/h3><\/div><p class=\"uagb-ifb-desc\">Welcome to the Monkey Grenoble website, the Ultimate Frisbee and Disc Golf club of Grenoble.<br><\/p><div class=\"uagb-ifb-button-wrapper uagb-ifb-button-type-text wp-block-button\"><a href=\"\/en\/le-club\/\" target=\"_self\" onclick=\"return true;\" class=\"uagb-infobox-cta-link wp-block-button__link\" rel=\"noopener noreferrer\"><span class=\"uagb-inline-editing\">About the club<\/span><svg xmlns=\"https:\/\/www.w3.org\/2000\/svg\" viewbox=\"0 0 256 512\"><path d=\"M118.6 105.4l128 127.1C252.9 239.6 256 247.8 256 255.1s-3.125 16.38-9.375 22.63l-128 127.1c-9.156 9.156-22.91 11.9-34.88 6.943S64 396.9 64 383.1V128c0-12.94 7.781-24.62 19.75-29.58S109.5 96.23 118.6 105.4z\"><\/path><\/svg><\/a><\/div><\/div><\/div>\n<\/div><\/div>\n\n\n\n<div class=\"wp-block-uagb-container uagb-block-e745ad96 alignfull uagb-is-root-container\"><div class=\"uagb-container-inner-blocks-wrap\">\n<div class=\"wp-block-uagb-advanced-heading uagb-block-7889cc53\"><h2 class=\"uagb-heading-text\">Upcoming events<\/h2><div class=\"uagb-separator\"><\/div><\/div>\n\n\n\n<div class=\"wp-block-uagb-container uagb-block-0b610ce2 alignfull uagb-is-root-container\"><div class=\"uagb-container-inner-blocks-wrap\">\n<div class=\"wp-block-uagb-container uagb-block-cba2f0bc\">\n<div class=\"wp-block-uagb-info-box uagb-block-3e8891af uagb-infobox__content-wrap  uagb-infobox-icon-above-title uagb-infobox-image-valign-top\"><div class=\"uagb-ifb-content\"><div class=\"uagb-ifb-image-content\"><img decoding=\"async\" src=\"https:\/\/www.ultimate-grenoble.com\/wp-content\/uploads\/2026\/03\/IMG_9362.jpg\" alt=\"\" width=\"2560\" height=\"1707\" loading=\"lazy\"\/><\/div><div class=\"uagb-ifb-title-wrap\"><h5 class=\"uagb-ifb-title\">Spring Tour 2026<\/h5><\/div><p class=\"uagb-ifb-desc\">Join us on April 25th and 26th in Sassenage for the opening of the European Frisbee season in Grenoble! <\/p><div class=\"uagb-ifb-button-wrapper wp-block-button\"><a href=\"\/en\/spring-tour\/\" class=\"uagb-infobox-cta-link wp-block-button__link\" target=\"_self\" rel=\"noopener noreferrer\" onclick=\"return true;\"><span class=\"uagb-inline-editing\">Learn more<\/span><\/a><\/div><\/div><\/div>\n<\/div>\n<\/div><\/div>\n<\/div><\/div>\n\n\n\n<div class=\"wp-block-uagb-container uagb-block-e28119a3 alignfull uagb-is-root-container\"><div class=\"uagb-container-inner-blocks-wrap\">\n<div class=\"wp-block-uagb-container uagb-block-fc460c22\">\n<div class=\"wp-block-uagb-info-box uagb-block-d8a7ea8b uagb-infobox__content-wrap  uagb-infobox-icon-above-title uagb-infobox-image-valign-top\"><div class=\"uagb-ifb-content\"><div class=\"uagb-ifb-title-wrap\"><h2 class=\"uagb-ifb-title\">Our mission<\/h2><\/div><div class=\"uagb-ifb-separator\"><\/div><p class=\"uagb-ifb-desc\">Youth Development, Inclusivity, Performance<\/p><div class=\"uagb-ifb-button-wrapper wp-block-button\"><a href=\"\/en\/le-projet-associatif\/\" class=\"uagb-infobox-cta-link wp-block-button__link\" target=\"_self\" rel=\"noopener noreferrer\" onclick=\"return true;\"><span class=\"uagb-inline-editing\">Learn more<\/span><\/a><\/div><\/div><\/div>\n<\/div>\n<\/div><\/div>\n\n\n\n<div class=\"wp-block-uagb-container uagb-block-e338ed3d alignfull uagb-is-root-container\"><div class=\"uagb-container-inner-blocks-wrap\">\n<div class=\"wp-block-uagb-container uagb-block-e668a461 alignfull uagb-is-root-container\"><div class=\"uagb-container-inner-blocks-wrap\">\n<div class=\"wp-block-uagb-container uagb-block-9ef4e424\">\n<div class=\"wp-block-uagb-container uagb-block-0b0fc57c\">\n<div class=\"wp-block-uagb-info-box uagb-block-e4f96289 uagb-infobox__content-wrap  uagb-infobox-icon-above-title uagb-infobox-image-valign-top\"><div class=\"uagb-ifb-content\"><div class=\"uagb-ifb-title-wrap\"><h2 class=\"uagb-ifb-title\">Services<\/h2><\/div><p class=\"uagb-ifb-desc\">The Monkey club offers many activities to help people discover Ultimate Frisbee and Disc Golf. Activities<mark style=\"background-color:rgba(0, 0, 0, 0)\" class=\"has-inline-color has-ast-global-color-0-color\"> <strong>fun<\/strong><\/mark>,<mark style=\"background-color:rgba(0, 0, 0, 0)\" class=\"has-inline-color has-ast-global-color-0-color\">&nbsp;<strong>mixed-genders<\/strong> <\/mark>and<mark style=\"background-color:rgba(0, 0, 0, 0)\" class=\"has-inline-color has-ast-global-color-0-color\">&nbsp;<strong>self-refereed<\/strong><\/mark>, that can be adapted to all audiences!<br><\/p><div class=\"uagb-ifb-button-wrapper wp-block-button\"><a href=\"\/en\/prestations\/\" class=\"uagb-infobox-cta-link wp-block-button__link\" target=\"_self\" rel=\"noopener noreferrer\" onclick=\"return true;\"><span class=\"uagb-inline-editing\">Learn more<\/span><\/a><\/div><\/div><\/div>\n<\/div>\n<\/div>\n\n\n\n<div class=\"wp-block-uagb-container uagb-block-5b98badd\">\n<div class=\"wp-block-uagb-container uagb-block-df307d38\">\n<div class=\"wp-block-uagb-image uagb-block-88320b28 wp-block-uagb-image--layout-default wp-block-uagb-image--effect-zoomin wp-block-uagb-image--align-none\"><figure class=\"wp-block-uagb-image__figure\"><img decoding=\"async\" srcset=\"https:\/\/www.ultimate-grenoble.com\/wp-content\/uploads\/2023\/08\/prestations-jeunes.png \" sizes=\"auto, (max-width: 480px) 150px\" src=\"https:\/\/www.ultimate-grenoble.com\/wp-content\/uploads\/2023\/08\/prestations-jeunes.png\" alt=\"\" class=\"uag-image-13557\" width=\"2048\" height=\"685\" title=\"\" loading=\"lazy\" role=\"img\"\/><\/figure><\/div>\n\n\n\n<div class=\"wp-block-columns is-layout-flex wp-container-core-columns-is-layout-28f84493 wp-block-columns-is-layout-flex\">\n<div class=\"wp-block-column is-layout-flow wp-block-column-is-layout-flow\">\n<div class=\"wp-block-columns is-layout-flex wp-container-core-columns-is-layout-28f84493 wp-block-columns-is-layout-flex\">\n<div class=\"wp-block-column is-layout-flow wp-block-column-is-layout-flow\">\n<div class=\"wp-block-uagb-image uagb-block-040fc130 wp-block-uagb-image--layout-default wp-block-uagb-image--effect-zoomin wp-block-uagb-image--align-none\"><figure class=\"wp-block-uagb-image__figure\"><img decoding=\"async\" srcset=\"https:\/\/www.ultimate-grenoble.com\/wp-content\/uploads\/2023\/08\/prestations-dg.png \" sizes=\"auto, (max-width: 480px) 150px\" src=\"https:\/\/www.ultimate-grenoble.com\/wp-content\/uploads\/2023\/08\/prestations-dg.png\" alt=\"\" class=\"uag-image-13559\" width=\"1024\" height=\"685\" title=\"\" loading=\"lazy\" role=\"img\"\/><\/figure><\/div>\n<\/div>\n\n\n\n<div class=\"wp-block-column is-layout-flow wp-block-column-is-layout-flow\">\n<div class=\"wp-block-uagb-image uagb-block-21072a87 wp-block-uagb-image--layout-default wp-block-uagb-image--effect-zoomin wp-block-uagb-image--align-none\"><figure class=\"wp-block-uagb-image__figure\"><img decoding=\"async\" srcset=\"https:\/\/www.ultimate-grenoble.com\/wp-content\/uploads\/2023\/08\/MG_0798-scaled-1-1024x683.jpg \" sizes=\"auto, (max-width: 480px) 150px\" src=\"https:\/\/www.ultimate-grenoble.com\/wp-content\/uploads\/2023\/08\/MG_0798-scaled-1-1024x683.jpg\" alt=\"\" class=\"uag-image-13918\" width=\"1024\" height=\"683\" title=\"\" loading=\"lazy\" role=\"img\"\/><\/figure><\/div>\n<\/div>\n<\/div>\n<\/div>\n<\/div>\n<\/div>\n<\/div>\n<\/div><\/div>\n<\/div><\/div>\n\n\n\n<div class=\"wp-block-cover alignfull is-light\" style=\"min-height:700px;aspect-ratio:unset;\"><img loading=\"lazy\" decoding=\"async\" width=\"2560\" height=\"1706\" class=\"wp-block-cover__image-background wp-image-15833\" alt=\"\" src=\"https:\/\/www.ultimate-grenoble.com\/wp-content\/uploads\/2024\/05\/Dupre-la-Tour-Quentin-B-11-scaled.jpg\" style=\"object-position:51% 75%\" data-object-fit=\"cover\" data-object-position=\"51% 75%\" srcset=\"https:\/\/www.ultimate-grenoble.com\/wp-content\/uploads\/2024\/05\/Dupre-la-Tour-Quentin-B-11-scaled.jpg 2560w, https:\/\/www.ultimate-grenoble.com\/wp-content\/uploads\/2024\/05\/Dupre-la-Tour-Quentin-B-11-300x200.jpg 300w, https:\/\/www.ultimate-grenoble.com\/wp-content\/uploads\/2024\/05\/Dupre-la-Tour-Quentin-B-11-1024x683.jpg 1024w, https:\/\/www.ultimate-grenoble.com\/wp-content\/uploads\/2024\/05\/Dupre-la-Tour-Quentin-B-11-768x512.jpg 768w, https:\/\/www.ultimate-grenoble.com\/wp-content\/uploads\/2024\/05\/Dupre-la-Tour-Quentin-B-11-1536x1024.jpg 1536w, https:\/\/www.ultimate-grenoble.com\/wp-content\/uploads\/2024\/05\/Dupre-la-Tour-Quentin-B-11-2048x1365.jpg 2048w\" sizes=\"auto, (max-width: 2560px) 100vw, 2560px\" \/><span aria-hidden=\"true\" class=\"wp-block-cover__background has-background-dim-0 has-background-dim\" style=\"background-color:#97998f\"><\/span><div class=\"wp-block-cover__inner-container is-layout-constrained wp-block-cover-is-layout-constrained\">\n<p class=\"has-text-align-center has-large-font-size\"><\/p>\n<\/div><\/div>","protected":false},"excerpt":{"rendered":"<p>Upcoming events<\/p>","protected":false},"author":1,"featured_media":0,"parent":0,"menu_order":0,"comment_status":"closed","ping_status":"closed","template":"","meta":{"_uag_custom_page_level_css":"","site-sidebar-layout":"no-sidebar","site-content-layout":"","ast-site-content-layout":"default","site-content-style":"unboxed","site-sidebar-style":"unboxed","ast-global-header-display":"","ast-banner-title-visibility":"","ast-main-header-display":"","ast-hfb-above-header-display":"","ast-hfb-below-header-display":"","ast-hfb-mobile-header-display":"","site-post-title":"disabled","ast-breadcrumbs-content":"","ast-featured-img":"","footer-sml-layout":"","ast-disable-related-posts":"","theme-transparent-header-meta":"enabled","adv-header-id-meta":"","stick-header-meta":"","header-above-stick-meta":"","header-main-stick-meta":"","header-below-stick-meta":"","astra-migrate-meta-layouts":"set","ast-page-background-enabled":"default","ast-page-background-meta":{"desktop":{"background-color":"","background-image":"","background-repeat":"repeat","background-position":"center center","background-size":"auto","background-attachment":"scroll","background-type":"","background-media":"","overlay-type":"","overlay-color":"","overlay-opacity":"","overlay-gradient":""},"tablet":{"background-color":"","background-image":"","background-repeat":"repeat","background-position":"center center","background-size":"auto","background-attachment":"scroll","background-type":"","background-media":"","overlay-type":"","overlay-color":"","overlay-opacity":"","overlay-gradient":""},"mobile":{"background-color":"","background-image":"","background-repeat":"repeat","background-position":"center center","background-size":"auto","background-attachment":"scroll","background-type":"","background-media":"","overlay-type":"","overlay-color":"","overlay-opacity":"","overlay-gradient":""}},"ast-content-background-meta":{"desktop":{"background-color":"var(--ast-global-color-5)","background-image":"","background-repeat":"repeat","background-position":"center center","background-size":"auto","background-attachment":"scroll","background-type":"","background-media":"","overlay-type":"","overlay-color":"","overlay-opacity":"","overlay-gradient":""},"tablet":{"background-color":"var(--ast-global-color-5)","background-image":"","background-repeat":"repeat","background-position":"center center","background-size":"auto","background-attachment":"scroll","background-type":"","background-media":"","overlay-type":"","overlay-color":"","overlay-opacity":"","overlay-gradient":""},"mobile":{"background-color":"var(--ast-global-color-5)","background-image":"","background-repeat":"repeat","background-position":"center center","background-size":"auto","background-attachment":"scroll","background-type":"","background-media":"","overlay-type":"","overlay-color":"","overlay-opacity":"","overlay-gradient":""}},"footnotes":""},"class_list":["post-13996","page","type-page","status-publish","hentry"],"yoast_head":"<!-- This site is optimized with the Yoast SEO plugin v27.1.1 - https:\/\/yoast.com\/product\/yoast-seo-wordpress\/ -->\n<title>Accueil - Monkey Grenoble<\/title>\n<meta name=\"description\" content=\"Ultimate Frisbee &amp; Disc Golf MONKEY GRENOBLE Ultimate Frisbee &amp; Disc GolfBienvenue sur le site Monkey Grenoble, club d&#039;Ultimate Frisbee et de Disc\" \/>\n<meta name=\"robots\" content=\"index, follow, max-snippet:-1, max-image-preview:large, max-video-preview:-1\" \/>\n<link rel=\"canonical\" href=\"https:\/\/www.ultimate-grenoble.com\/en\/\" \/>\n<meta property=\"og:locale\" content=\"en_US\" \/>\n<meta property=\"og:type\" content=\"article\" \/>\n<meta property=\"og:title\" content=\"Accueil - Monkey Grenoble\" \/>\n<meta property=\"og:description\" content=\"Ultimate Frisbee &amp; Disc Golf MONKEY GRENOBLE Ultimate Frisbee &amp; Disc GolfBienvenue sur le site Monkey Grenoble, club d&#039;Ultimate Frisbee et de Disc\" \/>\n<meta property=\"og:url\" content=\"https:\/\/www.ultimate-grenoble.com\/en\/\" \/>\n<meta property=\"og:site_name\" content=\"Monkey Grenoble\" \/>\n<meta property=\"article:publisher\" content=\"https:\/\/www.facebook.com\/monkeygrenobleultimate\" \/>\n<meta property=\"article:modified_time\" content=\"2026-04-21T10:45:08+00:00\" \/>\n<meta property=\"og:image\" content=\"https:\/\/www.ultimate-grenoble.com\/wp-content\/uploads\/2023\/07\/344535384_607221707982213_218591884419125629_n.jpg\" \/>\n\t<meta property=\"og:image:width\" content=\"2048\" \/>\n\t<meta property=\"og:image:height\" content=\"1365\" \/>\n\t<meta property=\"og:image:type\" content=\"image\/jpeg\" \/>\n<meta name=\"twitter:label1\" content=\"Est. reading time\" \/>\n\t<meta name=\"twitter:data1\" content=\"2 minutes\" \/>\n<script type=\"application\/ld+json\" class=\"yoast-schema-graph\">{\"@context\":\"https:\/\/schema.org\",\"@graph\":[{\"@type\":\"WebPage\",\"@id\":\"https:\/\/www.ultimate-grenoble.com\/\",\"url\":\"https:\/\/www.ultimate-grenoble.com\/\",\"name\":\"Accueil - Monkey Grenoble\",\"isPartOf\":{\"@id\":\"https:\/\/www.ultimate-grenoble.com\/#website\"},\"primaryImageOfPage\":{\"@id\":\"https:\/\/www.ultimate-grenoble.com\/#primaryimage\"},\"image\":{\"@id\":\"https:\/\/www.ultimate-grenoble.com\/#primaryimage\"},\"thumbnailUrl\":\"https:\/\/www.ultimate-grenoble.com\/wp-content\/uploads\/2023\/07\/344535384_607221707982213_218591884419125629_n.jpg\",\"datePublished\":\"2023-09-01T17:58:43+00:00\",\"dateModified\":\"2026-04-21T10:45:08+00:00\",\"description\":\"Ultimate Frisbee &amp; Disc Golf MONKEY GRENOBLE Ultimate Frisbee &amp; Disc GolfBienvenue sur le site Monkey Grenoble, club d'Ultimate Frisbee et de Disc\",\"breadcrumb\":{\"@id\":\"https:\/\/www.ultimate-grenoble.com\/#breadcrumb\"},\"inLanguage\":\"en-US\",\"potentialAction\":[{\"@type\":\"ReadAction\",\"target\":[\"https:\/\/www.ultimate-grenoble.com\/\"]}]},{\"@type\":\"ImageObject\",\"inLanguage\":\"en-US\",\"@id\":\"https:\/\/www.ultimate-grenoble.com\/#primaryimage\",\"url\":\"https:\/\/www.ultimate-grenoble.com\/wp-content\/uploads\/2023\/07\/344535384_607221707982213_218591884419125629_n.jpg\",\"contentUrl\":\"https:\/\/www.ultimate-grenoble.com\/wp-content\/uploads\/2023\/07\/344535384_607221707982213_218591884419125629_n.jpg\"},{\"@type\":\"BreadcrumbList\",\"@id\":\"https:\/\/www.ultimate-grenoble.com\/#breadcrumb\",\"itemListElement\":[{\"@type\":\"ListItem\",\"position\":1,\"name\":\"Accueil\",\"item\":\"https:\/\/www.ultimate-grenoble.com\/\"},{\"@type\":\"ListItem\",\"position\":2,\"name\":\"Accueil\"}]},{\"@type\":\"WebSite\",\"@id\":\"https:\/\/www.ultimate-grenoble.com\/#website\",\"url\":\"https:\/\/www.ultimate-grenoble.com\/\",\"name\":\"MONKEY Grenoble\",\"description\":\"Ultimate &amp; Disc Golf\",\"publisher\":{\"@id\":\"https:\/\/www.ultimate-grenoble.com\/#organization\"},\"potentialAction\":[{\"@type\":\"SearchAction\",\"target\":{\"@type\":\"EntryPoint\",\"urlTemplate\":\"https:\/\/www.ultimate-grenoble.com\/?s={search_term_string}\"},\"query-input\":{\"@type\":\"PropertyValueSpecification\",\"valueRequired\":true,\"valueName\":\"search_term_string\"}}],\"inLanguage\":\"en-US\"},{\"@type\":\"Organization\",\"@id\":\"https:\/\/www.ultimate-grenoble.com\/#organization\",\"name\":\"Les Monkey - Ultimate Grenoble\",\"url\":\"https:\/\/www.ultimate-grenoble.com\/\",\"logo\":{\"@type\":\"ImageObject\",\"inLanguage\":\"en-US\",\"@id\":\"https:\/\/www.ultimate-grenoble.com\/#\/schema\/logo\/image\/\",\"url\":\"https:\/\/www.ultimate-grenoble.com\/wp-content\/uploads\/2018\/05\/favicon_logorond.jpg\",\"contentUrl\":\"https:\/\/www.ultimate-grenoble.com\/wp-content\/uploads\/2018\/05\/favicon_logorond.jpg\",\"width\":2646,\"height\":2646,\"caption\":\"Les Monkey - Ultimate Grenoble\"},\"image\":{\"@id\":\"https:\/\/www.ultimate-grenoble.com\/#\/schema\/logo\/image\/\"},\"sameAs\":[\"https:\/\/www.facebook.com\/monkeygrenobleultimate\",\"https:\/\/x.com\/MonkeyGrenoble\",\"https:\/\/www.instagram.com\/monkey_grenoble\/\"]}]}<\/script>\n<!-- \/ Yoast SEO plugin. -->","yoast_head_json":{"title":"Accueil - Monkey Grenoble","description":"Ultimate Frisbee &amp; Disc Golf MONKEY GRENOBLE Ultimate Frisbee &amp; Disc GolfBienvenue sur le site Monkey Grenoble, club d'Ultimate Frisbee et de Disc","robots":{"index":"index","follow":"follow","max-snippet":"max-snippet:-1","max-image-preview":"max-image-preview:large","max-video-preview":"max-video-preview:-1"},"canonical":"https:\/\/www.ultimate-grenoble.com\/en\/","og_locale":"en_US","og_type":"article","og_title":"Accueil - Monkey Grenoble","og_description":"Ultimate Frisbee &amp; Disc Golf MONKEY GRENOBLE Ultimate Frisbee &amp; Disc GolfBienvenue sur le site Monkey Grenoble, club d'Ultimate Frisbee et de Disc","og_url":"https:\/\/www.ultimate-grenoble.com\/en\/","og_site_name":"Monkey Grenoble","article_publisher":"https:\/\/www.facebook.com\/monkeygrenobleultimate","article_modified_time":"2026-04-21T10:45:08+00:00","og_image":[{"width":2048,"height":1365,"url":"https:\/\/www.ultimate-grenoble.com\/wp-content\/uploads\/2023\/07\/344535384_607221707982213_218591884419125629_n.jpg","type":"image\/jpeg"}],"twitter_misc":{"Est. reading time":"2 minutes"},"schema":{"@context":"https:\/\/schema.org","@graph":[{"@type":"WebPage","@id":"https:\/\/www.ultimate-grenoble.com\/","url":"https:\/\/www.ultimate-grenoble.com\/","name":"Accueil - Monkey Grenoble","isPartOf":{"@id":"https:\/\/www.ultimate-grenoble.com\/#website"},"primaryImageOfPage":{"@id":"https:\/\/www.ultimate-grenoble.com\/#primaryimage"},"image":{"@id":"https:\/\/www.ultimate-grenoble.com\/#primaryimage"},"thumbnailUrl":"https:\/\/www.ultimate-grenoble.com\/wp-content\/uploads\/2023\/07\/344535384_607221707982213_218591884419125629_n.jpg","datePublished":"2023-09-01T17:58:43+00:00","dateModified":"2026-04-21T10:45:08+00:00","description":"Ultimate Frisbee &amp; Disc Golf MONKEY GRENOBLE Ultimate Frisbee &amp; Disc GolfBienvenue sur le site Monkey Grenoble, club d'Ultimate Frisbee et de Disc","breadcrumb":{"@id":"https:\/\/www.ultimate-grenoble.com\/#breadcrumb"},"inLanguage":"en-US","potentialAction":[{"@type":"ReadAction","target":["https:\/\/www.ultimate-grenoble.com\/"]}]},{"@type":"ImageObject","inLanguage":"en-US","@id":"https:\/\/www.ultimate-grenoble.com\/#primaryimage","url":"https:\/\/www.ultimate-grenoble.com\/wp-content\/uploads\/2023\/07\/344535384_607221707982213_218591884419125629_n.jpg","contentUrl":"https:\/\/www.ultimate-grenoble.com\/wp-content\/uploads\/2023\/07\/344535384_607221707982213_218591884419125629_n.jpg"},{"@type":"BreadcrumbList","@id":"https:\/\/www.ultimate-grenoble.com\/#breadcrumb","itemListElement":[{"@type":"ListItem","position":1,"name":"Accueil","item":"https:\/\/www.ultimate-grenoble.com\/"},{"@type":"ListItem","position":2,"name":"Accueil"}]},{"@type":"WebSite","@id":"https:\/\/www.ultimate-grenoble.com\/#website","url":"https:\/\/www.ultimate-grenoble.com\/","name":"MONKEY Grenoble","description":"Ultimate &amp; Disc Golf","publisher":{"@id":"https:\/\/www.ultimate-grenoble.com\/#organization"},"potentialAction":[{"@type":"SearchAction","target":{"@type":"EntryPoint","urlTemplate":"https:\/\/www.ultimate-grenoble.com\/?s={search_term_string}"},"query-input":{"@type":"PropertyValueSpecification","valueRequired":true,"valueName":"search_term_string"}}],"inLanguage":"en-US"},{"@type":"Organization","@id":"https:\/\/www.ultimate-grenoble.com\/#organization","name":"Les Monkey - Ultimate Grenoble","url":"https:\/\/www.ultimate-grenoble.com\/","logo":{"@type":"ImageObject","inLanguage":"en-US","@id":"https:\/\/www.ultimate-grenoble.com\/#\/schema\/logo\/image\/","url":"https:\/\/www.ultimate-grenoble.com\/wp-content\/uploads\/2018\/05\/favicon_logorond.jpg","contentUrl":"https:\/\/www.ultimate-grenoble.com\/wp-content\/uploads\/2018\/05\/favicon_logorond.jpg","width":2646,"height":2646,"caption":"Les Monkey - Ultimate Grenoble"},"image":{"@id":"https:\/\/www.ultimate-grenoble.com\/#\/schema\/logo\/image\/"},"sameAs":["https:\/\/www.facebook.com\/monkeygrenobleultimate","https:\/\/x.com\/MonkeyGrenoble","https:\/\/www.instagram.com\/monkey_grenoble\/"]}]}},"uagb_featured_image_src":{"full":false,"thumbnail":false,"medium":false,"medium_large":false,"large":false,"1536x1536":false,"2048x2048":false,"trp-custom-language-flag":false},"uagb_author_info":{"display_name":"Les Monkey","author_link":"https:\/\/www.ultimate-grenoble.com\/en\/author\/admin\/"},"uagb_comment_info":0,"uagb_excerpt":"\u00e9v\u00e8nements \u00e0 venir","_links":{"self":[{"href":"https:\/\/www.ultimate-grenoble.com\/en\/wp-json\/wp\/v2\/pages\/13996","targetHints":{"allow":["GET"]}}],"collection":[{"href":"https:\/\/www.ultimate-grenoble.com\/en\/wp-json\/wp\/v2\/pages"}],"about":[{"href":"https:\/\/www.ultimate-grenoble.com\/en\/wp-json\/wp\/v2\/types\/page"}],"author":[{"embeddable":true,"href":"https:\/\/www.ultimate-grenoble.com\/en\/wp-json\/wp\/v2\/users\/1"}],"replies":[{"embeddable":true,"href":"https:\/\/www.ultimate-grenoble.com\/en\/wp-json\/wp\/v2\/comments?post=13996"}],"version-history":[{"count":35,"href":"https:\/\/www.ultimate-grenoble.com\/en\/wp-json\/wp\/v2\/pages\/13996\/revisions"}],"predecessor-version":[{"id":17273,"href":"https:\/\/www.ultimate-grenoble.com\/en\/wp-json\/wp\/v2\/pages\/13996\/revisions\/17273"}],"wp:attachment":[{"href":"https:\/\/www.ultimate-grenoble.com\/en\/wp-json\/wp\/v2\/media?parent=13996"}],"curies":[{"name":"wp","href":"https:\/\/api.w.org\/{rel}","templated":true}]}}